{"id":178,"date":"2023-03-23T10:37:26","date_gmt":"2023-03-23T09:37:26","guid":{"rendered":"https:\/\/tableinmotion.eu\/?page_id=178"},"modified":"2026-04-25T20:37:22","modified_gmt":"2026-04-25T18:37:22","slug":"contact","status":"publish","type":"page","link":"https:\/\/tableinmotion.eu\/contact\/","title":{"rendered":"Contact"},"content":{"rendered":"<p>[et_pb_section fb_built=&#8221;1&#8243; fullwidth=&#8221;on&#8221; admin_label=&#8221;Hero&#8221; _builder_version=&#8221;4.16&#8243; background_image=&#8221;https:\/\/tableinmotion.eu\/wp-content\/uploads\/2023\/03\/it-services-06.jpg&#8221; parallax=&#8221;on&#8221; custom_padding=&#8221;0px|0|0px|0px|false|false&#8221; global_colors_info=&#8221;{}&#8221;][et_pb_fullwidth_header title=&#8221;Nous contacter&#8221; text_orientation=&#8221;center&#8221; admin_label=&#8221;Fullwidth Header&#8221; _builder_version=&#8221;4.16&#8243; title_font=&#8221;Share Tech||||||||&#8221; title_text_align=&#8221;center&#8221; title_font_size=&#8221;80px&#8221; title_line_height=&#8221;1.2em&#8221; content_font=&#8221;Open Sans||||||||&#8221; content_text_align=&#8221;center&#8221; content_font_size=&#8221;18px&#8221; content_line_height=&#8221;1.8em&#8221; background_color=&#8221;rgba(0,0,0,0)&#8221; use_background_color_gradient=&#8221;on&#8221; background_color_gradient_direction=&#8221;140deg&#8221; background_color_gradient_stops=&#8221;rgba(0,72,114,0.9) 0%|rgba(41,17,96,0.8) 100%&#8221; background_color_gradient_start=&#8221;rgba(0,72,114,0.9)&#8221; background_color_gradient_end=&#8221;rgba(41,17,96,0.8)&#8221; parallax=&#8221;on&#8221; parallax_method=&#8221;on&#8221; custom_button_one=&#8221;on&#8221; button_one_text_size=&#8221;15px&#8221; button_one_bg_color=&#8221;#ffa727&#8243; button_one_border_width=&#8221;15px&#8221; button_one_border_color=&#8221;#ffa727&#8243; button_one_border_radius=&#8221;100px&#8221; button_one_letter_spacing=&#8221;5px&#8221; button_one_font=&#8221;Open Sans|700||on|||||&#8221; custom_margin=&#8221;|||&#8221; custom_padding=&#8221;10vw||10vw||true&#8221; custom_padding_tablet=&#8221;100px||100px||true&#8221; custom_padding_phone=&#8221;|||&#8221; custom_padding_last_edited=&#8221;on|desktop&#8221; title_font_size_tablet=&#8221;60px&#8221; title_font_size_phone=&#8221;36px&#8221; title_font_size_last_edited=&#8221;on|phone&#8221; content_font_size_tablet=&#8221;&#8221; content_font_size_phone=&#8221;16px&#8221; content_font_size_last_edited=&#8221;on|phone&#8221; button_one_text_size_tablet=&#8221;&#8221; button_one_text_size_phone=&#8221;&#8221; button_one_text_size_last_edited=&#8221;on|desktop&#8221; button_one_border_color_hover=&#8221;#ff8a3d&#8221; button_one_border_radius_hover=&#8221;100px&#8221; button_one_letter_spacing_hover=&#8221;5px&#8221; button_one_bg_color_hover=&#8221;#ff8a3d&#8221; global_colors_info=&#8221;{}&#8221; button_one_text_size__hover_enabled=&#8221;off&#8221; button_two_text_size__hover_enabled=&#8221;off&#8221; button_one_text_color__hover_enabled=&#8221;off&#8221; button_two_text_color__hover_enabled=&#8221;off&#8221; button_one_border_width__hover_enabled=&#8221;off&#8221; button_two_border_width__hover_enabled=&#8221;off&#8221; button_one_border_color__hover_enabled=&#8221;on&#8221; button_one_border_color__hover=&#8221;#ff8a3d&#8221; button_two_border_color__hover_enabled=&#8221;off&#8221; button_one_border_radius__hover_enabled=&#8221;on&#8221; button_one_border_radius__hover=&#8221;100px&#8221; button_two_border_radius__hover_enabled=&#8221;off&#8221; button_one_letter_spacing__hover_enabled=&#8221;on&#8221; button_one_letter_spacing__hover=&#8221;5px&#8221; button_two_letter_spacing__hover_enabled=&#8221;off&#8221; button_one_bg_color__hover_enabled=&#8221;on&#8221; button_one_bg_color__hover=&#8221;#ff8a3d&#8221; button_two_bg_color__hover_enabled=&#8221;off&#8221;]<\/p>\n<p>\u00a0Nous sommes disponibles par mail et par t\u00e9l\u00e9phone pour configurer votre table et \u00e9tablir un devis correspondant.<\/p>\n<p>[\/et_pb_fullwidth_header][\/et_pb_section][et_pb_section fb_built=&#8221;1&#8243; use_custom_gutter=&#8221;on&#8221; gutter_width=&#8221;2&#8243; specialty=&#8221;on&#8221; padding_top_1=&#8221;0px&#8221; padding_top_2=&#8221;0px&#8221; padding_bottom_1=&#8221;0px&#8221; padding_bottom_2=&#8221;0px&#8221; padding_top_bottom_link_1=&#8221;true&#8221; padding_top_bottom_link_2=&#8221;true&#8221; admin_label=&#8221;Button Bar&#8221; _builder_version=&#8221;4.16&#8243; background_color=&#8221;rgba(255,255,255,0)&#8221; inner_width=&#8221;100%&#8221; inner_max_width=&#8221;100%&#8221; custom_margin=&#8221;-36px|||&#8221; custom_padding=&#8221;0||||false|false&#8221; use_custom_width=&#8221;on&#8221; width_unit=&#8221;off&#8221; custom_width_percent=&#8221;100%&#8221; global_colors_info=&#8221;{}&#8221;][et_pb_column type=&#8221;1_2&#8243; _builder_version=&#8221;4.16&#8243; custom_padding=&#8221;|||&#8221; global_colors_info=&#8221;{}&#8221; custom_padding__hover=&#8221;|||&#8221;][\/et_pb_column][et_pb_column type=&#8221;1_2&#8243; specialty_columns=&#8221;2&#8243; _builder_version=&#8221;4.16&#8243; custom_padding=&#8221;|||&#8221; global_colors_info=&#8221;{}&#8221; custom_padding__hover=&#8221;|||&#8221;][et_pb_row_inner column_structure=&#8221;1_2,1_2&#8243; custom_padding_last_edited=&#8221;on|desktop&#8221; _builder_version=&#8221;4.16&#8243; custom_padding=&#8221;0|25%|0|0px|true|false&#8221; custom_padding_tablet=&#8221;|10%||10%||true&#8221; custom_padding_phone=&#8221;&#8221; global_colors_info=&#8221;{}&#8221;][et_pb_column_inner type=&#8221;1_2&#8243; saved_specialty_column_type=&#8221;1_2&#8243; _builder_version=&#8221;3.0.47&#8243; global_colors_info=&#8221;{}&#8221;][\/et_pb_column_inner][et_pb_column_inner type=&#8221;1_2&#8243; saved_specialty_column_type=&#8221;1_2&#8243; _builder_version=&#8221;3.0.47&#8243; global_colors_info=&#8221;{}&#8221;][et_pb_button button_url=&#8221;https:\/\/tableinmotion.eu\/les-tables-elite\/&#8221; button_text=&#8221;Les tables ELITE&#8221; button_alignment=&#8221;center&#8221; _builder_version=&#8221;4.20.0&#8243; custom_button=&#8221;on&#8221; button_text_size=&#8221;14px&#8221; button_text_color=&#8221;#ffffff&#8221; button_bg_color=&#8221;#51b0ff&#8221; button_bg_color_gradient_direction=&#8221;90deg&#8221; button_bg_color_gradient_stops=&#8221;#ffa727 0%|#FF8A3D 100%&#8221; button_bg_color_gradient_start=&#8221;#ffa727&#8243; button_bg_color_gradient_end=&#8221;#FF8A3D&#8221; button_border_width=&#8221;0px&#8221; button_border_radius=&#8221;100px&#8221; button_letter_spacing=&#8221;5px&#8221; button_font=&#8221;Open Sans|700||on|||||&#8221; button_use_icon=&#8221;off&#8221; custom_padding=&#8221;23px|30px|23px|30px|true|true&#8221; animation_style=&#8221;slide&#8221; animation_direction=&#8221;left&#8221; animation_intensity_slide=&#8221;70%&#8221; button_border_radius_hover=&#8221;100px&#8221; button_letter_spacing_hover=&#8221;5px&#8221; button_bg_color_hover=&#8221;#3980f9&#8243; locked=&#8221;off&#8221; global_colors_info=&#8221;{}&#8221; button_text_size__hover_enabled=&#8221;off&#8221; button_one_text_size__hover_enabled=&#8221;off&#8221; button_two_text_size__hover_enabled=&#8221;off&#8221; button_text_color__hover_enabled=&#8221;off&#8221; button_one_text_color__hover_enabled=&#8221;off&#8221; button_two_text_color__hover_enabled=&#8221;off&#8221; button_border_width__hover_enabled=&#8221;off&#8221; button_one_border_width__hover_enabled=&#8221;off&#8221; button_two_border_width__hover_enabled=&#8221;off&#8221; button_border_color__hover_enabled=&#8221;off&#8221; button_one_border_color__hover_enabled=&#8221;off&#8221; button_two_border_color__hover_enabled=&#8221;off&#8221; button_border_radius__hover_enabled=&#8221;on&#8221; button_border_radius__hover=&#8221;100px&#8221; button_one_border_radius__hover_enabled=&#8221;off&#8221; button_two_border_radius__hover_enabled=&#8221;off&#8221; button_letter_spacing__hover_enabled=&#8221;on&#8221; button_letter_spacing__hover=&#8221;5px&#8221; button_one_letter_spacing__hover_enabled=&#8221;off&#8221; button_two_letter_spacing__hover_enabled=&#8221;off&#8221; button_bg_color__hover_enabled=&#8221;on&#8221; button_bg_color__hover=&#8221;#3980f9&#8243; button_one_bg_color__hover_enabled=&#8221;off&#8221; button_two_bg_color__hover_enabled=&#8221;off&#8221;][\/et_pb_button][\/et_pb_column_inner][\/et_pb_row_inner][\/et_pb_column][\/et_pb_section][et_pb_section fb_built=&#8221;1&#8243; admin_label=&#8221;Contact Info&#8221; _builder_version=&#8221;4.16&#8243; global_colors_info=&#8221;{}&#8221;][et_pb_row column_structure=&#8221;1_3,1_3,1_3&#8243; _builder_version=&#8221;4.16&#8243; custom_margin=&#8221;|||&#8221; custom_padding=&#8221;|||&#8221; locked=&#8221;off&#8221; global_colors_info=&#8221;{}&#8221;][et_pb_column type=&#8221;1_3&#8243; _builder_version=&#8221;4.16&#8243; custom_padding=&#8221;|||&#8221; global_colors_info=&#8221;{}&#8221; custom_padding__hover=&#8221;|||&#8221;][et_pb_blurb title=&#8221;Adresses&#8221; image=&#8221;https:\/\/tableinmotion.eu\/wp-content\/uploads\/2023\/03\/line-icons-42.png&#8221; _builder_version=&#8221;4.16&#8243; header_font=&#8221;Share Tech||||||||&#8221; header_font_size=&#8221;24px&#8221; header_line_height=&#8221;1.2em&#8221; body_font=&#8221;Open Sans||||||||&#8221; body_font_size=&#8221;16px&#8221; body_line_height=&#8221;1.8em&#8221; background_color=&#8221;#ff8a3d&#8221; background_layout=&#8221;dark&#8221; custom_padding=&#8221;40px|30px|40px|30px|true|true&#8221; animation_style=&#8221;fold&#8221; animation=&#8221;off&#8221; global_colors_info=&#8221;{}&#8221;]<\/p>\n<p>Showroom : Chantilly 60500<br \/>Atelier : Lamorlaye 60260<br \/>Si\u00e8ge social : Plailly 60128\u00a0<\/p>\n<p>[\/et_pb_blurb][\/et_pb_column][et_pb_column type=&#8221;1_3&#8243; _builder_version=&#8221;4.16&#8243; custom_padding=&#8221;|||&#8221; global_colors_info=&#8221;{}&#8221; custom_padding__hover=&#8221;|||&#8221;][et_pb_blurb title=&#8221;T\u00e9l\u00e9phone&#8221; image=&#8221;https:\/\/tableinmotion.eu\/wp-content\/uploads\/2023\/03\/phone_64px.png&#8221; _builder_version=&#8221;4.24.0&#8243; header_font=&#8221;Share Tech||||||||&#8221; header_font_size=&#8221;24px&#8221; header_line_height=&#8221;1.2em&#8221; body_font=&#8221;Open Sans||||||||&#8221; body_font_size=&#8221;16px&#8221; body_line_height=&#8221;1.8em&#8221; background_color=&#8221;#f1f1f1&#8243; custom_padding=&#8221;40px|30px|40px|30px|true|true&#8221; animation_style=&#8221;fold&#8221; animation_delay=&#8221;150ms&#8221; animation=&#8221;off&#8221; locked=&#8221;off&#8221; global_colors_info=&#8221;{}&#8221;]<\/p>\n<p>06.77.85.24.83<\/p>\n<p>&nbsp;<\/p>\n<p>[\/et_pb_blurb][\/et_pb_column][et_pb_column type=&#8221;1_3&#8243; _builder_version=&#8221;4.16&#8243; custom_padding=&#8221;|||&#8221; global_colors_info=&#8221;{}&#8221; custom_padding__hover=&#8221;|||&#8221;][et_pb_blurb title=&#8221;Email&#8221; image=&#8221;https:\/\/tableinmotion.eu\/wp-content\/uploads\/2023\/03\/line-icons-41.png&#8221; _builder_version=&#8221;4.20.0&#8243; header_font=&#8221;Share Tech||||||||&#8221; header_font_size=&#8221;24px&#8221; header_line_height=&#8221;1.2em&#8221; body_font=&#8221;Open Sans||||||||&#8221; body_font_size=&#8221;16px&#8221; body_line_height=&#8221;1.8em&#8221; background_color=&#8221;#15314e&#8221; background_layout=&#8221;dark&#8221; custom_padding=&#8221;40px|30px|40px|30px|true|true&#8221; animation_style=&#8221;fold&#8221; animation_delay=&#8221;100ms&#8221; animation=&#8221;off&#8221; border_width_all=&#8221;1px&#8221; border_color_all=&#8221;rgba(21,49,78,0.17)&#8221; locked=&#8221;off&#8221; global_colors_info=&#8221;{}&#8221;]<\/p>\n<p><a href=\"mailto:tableinmotion@orange.fr\">tableinmotion@orange.fr<\/a><\/p>\n<p>[\/et_pb_blurb][\/et_pb_column][\/et_pb_row][\/et_pb_section]<\/p>\n","protected":false},"excerpt":{"rendered":"<p>\u00a0Nous sommes disponibles par mail et par t\u00e9l\u00e9phone pour configurer votre table et \u00e9tablir un devis correspondant.Showroom : Chantilly 60500Atelier : Lamorlaye 60260Si\u00e8ge social : Plailly 60128\u00a006.77.85.24.83 &nbsp;tableinmotion@orange.fr<\/p>\n","protected":false},"author":1,"featured_media":0,"parent":0,"menu_order":0,"comment_status":"closed","ping_status":"closed","template":"","meta":{"_et_pb_use_builder":"on","_et_pb_old_content":"","_et_gb_content_width":"","footnotes":""},"class_list":["post-178","page","type-page","status-publish","hentry"],"yoast_head":"<!-- This site is optimized with the Yoast SEO plugin v23.7 - https:\/\/yoast.com\/wordpress\/plugins\/seo\/ -->\n<title>Contact<\/title>\n<meta name=\"description\" content=\"Nous sommes disponibles par mail et par t\u00e9l\u00e9phone pour configurer votre table et \u00e9tablir un devis correspondant.\" \/>\n<meta name=\"robots\" content=\"noindex, follow, max-snippet:-1, max-image-preview:large, max-video-preview:-1\" \/>\n<meta property=\"og:locale\" content=\"en_GB\" \/>\n<meta property=\"og:type\" content=\"article\" \/>\n<meta property=\"og:title\" content=\"Contact\" \/>\n<meta property=\"og:description\" content=\"Nous sommes disponibles par mail et par t\u00e9l\u00e9phone pour configurer votre table et \u00e9tablir un devis correspondant.\" \/>\n<meta property=\"og:url\" content=\"https:\/\/tableinmotion.eu\/contact\/\" \/>\n<meta property=\"og:site_name\" content=\"Table In Motion\" \/>\n<meta property=\"article:publisher\" content=\"https:\/\/www.facebook.com\/tableinmotion\" \/>\n<meta property=\"article:modified_time\" content=\"2026-04-25T18:37:22+00:00\" \/>\n<meta name=\"twitter:card\" content=\"summary_large_image\" \/>\n<meta name=\"twitter:label1\" content=\"Est. reading time\" \/>\n\t<meta name=\"twitter:data1\" content=\"4 minutes\" \/>\n<script type=\"application\/ld+json\" class=\"yoast-schema-graph\">{\"@context\":\"https:\/\/schema.org\",\"@graph\":[{\"@type\":\"WebPage\",\"@id\":\"https:\/\/tableinmotion.eu\/contact\/\",\"url\":\"https:\/\/tableinmotion.eu\/contact\/\",\"name\":\"Contact - Table In Motion\",\"isPartOf\":{\"@id\":\"https:\/\/tableinmotion.eu\/#website\"},\"datePublished\":\"2023-03-23T09:37:26+00:00\",\"dateModified\":\"2026-04-25T18:37:22+00:00\",\"description\":\"Nous sommes disponibles par mail et par t\u00e9l\u00e9phone pour configurer votre table et \u00e9tablir un devis correspondant.\",\"breadcrumb\":{\"@id\":\"https:\/\/tableinmotion.eu\/contact\/#breadcrumb\"},\"inLanguage\":\"en-GB\",\"potentialAction\":[{\"@type\":\"ReadAction\",\"target\":[\"https:\/\/tableinmotion.eu\/contact\/\"]}]},{\"@type\":\"BreadcrumbList\",\"@id\":\"https:\/\/tableinmotion.eu\/contact\/#breadcrumb\",\"itemListElement\":[{\"@type\":\"ListItem\",\"position\":1,\"name\":\"Welcome\",\"item\":\"https:\/\/tableinmotion.eu\/\"},{\"@type\":\"ListItem\",\"position\":2,\"name\":\"Contact\"}]},{\"@type\":\"WebSite\",\"@id\":\"https:\/\/tableinmotion.eu\/#website\",\"url\":\"https:\/\/tableinmotion.eu\/\",\"name\":\"Table In Motion\",\"description\":\"Les tables ELITE en France et en Europe\",\"publisher\":{\"@id\":\"https:\/\/tableinmotion.eu\/#organization\"},\"potentialAction\":[{\"@type\":\"SearchAction\",\"target\":{\"@type\":\"EntryPoint\",\"urlTemplate\":\"https:\/\/tableinmotion.eu\/?s={search_term_string}\"},\"query-input\":{\"@type\":\"PropertyValueSpecification\",\"valueRequired\":true,\"valueName\":\"search_term_string\"}}],\"inLanguage\":\"en-GB\"},{\"@type\":\"Organization\",\"@id\":\"https:\/\/tableinmotion.eu\/#organization\",\"name\":\"Table In Motion\",\"url\":\"https:\/\/tableinmotion.eu\/\",\"logo\":{\"@type\":\"ImageObject\",\"inLanguage\":\"en-GB\",\"@id\":\"https:\/\/tableinmotion.eu\/#\/schema\/logo\/image\/\",\"url\":\"https:\/\/tableinmotion.eu\/wp-content\/uploads\/2023\/03\/logo-seul.jpg\",\"contentUrl\":\"https:\/\/tableinmotion.eu\/wp-content\/uploads\/2023\/03\/logo-seul.jpg\",\"width\":700,\"height\":225,\"caption\":\"Table In Motion\"},\"image\":{\"@id\":\"https:\/\/tableinmotion.eu\/#\/schema\/logo\/image\/\"},\"sameAs\":[\"https:\/\/www.facebook.com\/tableinmotion\"]}]}<\/script>\n<!-- \/ Yoast SEO plugin. -->","yoast_head_json":{"title":"Contact","description":"Nous sommes disponibles par mail et par t\u00e9l\u00e9phone pour configurer votre table et \u00e9tablir un devis correspondant.","robots":{"index":"noindex","follow":"follow","max-snippet":"max-snippet:-1","max-image-preview":"max-image-preview:large","max-video-preview":"max-video-preview:-1"},"og_locale":"en_GB","og_type":"article","og_title":"Contact","og_description":"Nous sommes disponibles par mail et par t\u00e9l\u00e9phone pour configurer votre table et \u00e9tablir un devis correspondant.","og_url":"https:\/\/tableinmotion.eu\/contact\/","og_site_name":"Table In Motion","article_publisher":"https:\/\/www.facebook.com\/tableinmotion","article_modified_time":"2026-04-25T18:37:22+00:00","twitter_card":"summary_large_image","twitter_misc":{"Est. reading time":"4 minutes"},"schema":{"@context":"https:\/\/schema.org","@graph":[{"@type":"WebPage","@id":"https:\/\/tableinmotion.eu\/contact\/","url":"https:\/\/tableinmotion.eu\/contact\/","name":"Contact - Table In Motion","isPartOf":{"@id":"https:\/\/tableinmotion.eu\/#website"},"datePublished":"2023-03-23T09:37:26+00:00","dateModified":"2026-04-25T18:37:22+00:00","description":"Nous sommes disponibles par mail et par t\u00e9l\u00e9phone pour configurer votre table et \u00e9tablir un devis correspondant.","breadcrumb":{"@id":"https:\/\/tableinmotion.eu\/contact\/#breadcrumb"},"inLanguage":"en-GB","potentialAction":[{"@type":"ReadAction","target":["https:\/\/tableinmotion.eu\/contact\/"]}]},{"@type":"BreadcrumbList","@id":"https:\/\/tableinmotion.eu\/contact\/#breadcrumb","itemListElement":[{"@type":"ListItem","position":1,"name":"Welcome","item":"https:\/\/tableinmotion.eu\/"},{"@type":"ListItem","position":2,"name":"Contact"}]},{"@type":"WebSite","@id":"https:\/\/tableinmotion.eu\/#website","url":"https:\/\/tableinmotion.eu\/","name":"Table In Motion","description":"Les tables ELITE en France et en Europe","publisher":{"@id":"https:\/\/tableinmotion.eu\/#organization"},"potentialAction":[{"@type":"SearchAction","target":{"@type":"EntryPoint","urlTemplate":"https:\/\/tableinmotion.eu\/?s={search_term_string}"},"query-input":{"@type":"PropertyValueSpecification","valueRequired":true,"valueName":"search_term_string"}}],"inLanguage":"en-GB"},{"@type":"Organization","@id":"https:\/\/tableinmotion.eu\/#organization","name":"Table In Motion","url":"https:\/\/tableinmotion.eu\/","logo":{"@type":"ImageObject","inLanguage":"en-GB","@id":"https:\/\/tableinmotion.eu\/#\/schema\/logo\/image\/","url":"https:\/\/tableinmotion.eu\/wp-content\/uploads\/2023\/03\/logo-seul.jpg","contentUrl":"https:\/\/tableinmotion.eu\/wp-content\/uploads\/2023\/03\/logo-seul.jpg","width":700,"height":225,"caption":"Table In Motion"},"image":{"@id":"https:\/\/tableinmotion.eu\/#\/schema\/logo\/image\/"},"sameAs":["https:\/\/www.facebook.com\/tableinmotion"]}]}},"_links":{"self":[{"href":"https:\/\/tableinmotion.eu\/wp-json\/wp\/v2\/pages\/178","targetHints":{"allow":["GET"]}}],"collection":[{"href":"https:\/\/tableinmotion.eu\/wp-json\/wp\/v2\/pages"}],"about":[{"href":"https:\/\/tableinmotion.eu\/wp-json\/wp\/v2\/types\/page"}],"author":[{"embeddable":true,"href":"https:\/\/tableinmotion.eu\/wp-json\/wp\/v2\/users\/1"}],"replies":[{"embeddable":true,"href":"https:\/\/tableinmotion.eu\/wp-json\/wp\/v2\/comments?post=178"}],"version-history":[{"count":25,"href":"https:\/\/tableinmotion.eu\/wp-json\/wp\/v2\/pages\/178\/revisions"}],"predecessor-version":[{"id":714,"href":"https:\/\/tableinmotion.eu\/wp-json\/wp\/v2\/pages\/178\/revisions\/714"}],"wp:attachment":[{"href":"https:\/\/tableinmotion.eu\/wp-json\/wp\/v2\/media?parent=178"}],"curies":[{"name":"wp","href":"https:\/\/api.w.org\/{rel}","templated":true}]}}