{"id":428,"date":"2023-07-11T15:56:47","date_gmt":"2023-07-11T13:56:47","guid":{"rendered":"https:\/\/tableinmotion.eu\/?page_id=428"},"modified":"2025-06-07T17:55:52","modified_gmt":"2025-06-07T15:55:52","slug":"politique-de-confidentialite-2","status":"publish","type":"page","link":"https:\/\/tableinmotion.eu\/politique-de-confidentialite-2\/","title":{"rendered":"Politique de confidentialite"},"content":{"rendered":"<p>[et_pb_section fb_built=&#8221;1&#8243; _builder_version=&#8221;4.21.0&#8243; _module_preset=&#8221;default&#8221; global_colors_info=&#8221;{}&#8221;][et_pb_row _builder_version=&#8221;4.21.0&#8243; _module_preset=&#8221;default&#8221; global_colors_info=&#8221;{}&#8221;][et_pb_column type=&#8221;4_4&#8243; _builder_version=&#8221;4.21.0&#8243; _module_preset=&#8221;default&#8221; global_colors_info=&#8221;{}&#8221;][et_pb_text _builder_version=&#8221;4.21.0&#8243; _module_preset=&#8221;default&#8221; global_colors_info=&#8221;{}&#8221;]<\/p>\n<p><strong>Mentions l\u00e9gales<\/strong><\/p>\n<p>Informations l\u00e9gales : Statut du propri\u00e9taire<\/p>\n<p>Le Propri\u00e9taire est : TABLE IN MOTION<\/p>\n<p>Localisation g\u00e9ographique : 2, rue des iris 60128 PLAILLY<\/p>\n<p>Le Cr\u00e9ateur du site est : C\u00e9cilia Goubelle<\/p>\n<p>Le Responsable de la publication est : C\u00e9cilia Goubelle<\/p>\n<p>Contacter le responsable de la publication : C\u00e9cilia Goubelle<\/p>\n<p>Le Webmaster est : C\u00e9cilia Goubelle<\/p>\n<p>Contacter le Webmaster : <a href=\"mailto:contact@tableinmotion.fr\">tableinmotion@orange.fr <\/a><\/p>\n<p>L\u2019h\u00e9bergeur du site est : OVH Mentions l\u00e9gales<\/p>\n<p>1 \u2013 Pr\u00e9sentation et principe : Est d\u00e9sign\u00e9 ci-apr\u00e8s : Utilisateur, tout internaute se connectant et utilisant le site susnomm\u00e9 www.tableinmotion.eu regroupant un ensemble de services, mis \u00e0 la disposition des utilisateurs. Le site www.tableinmotion.eu est mis \u00e0 jour r\u00e9guli\u00e8rement par TABLE IN MOTION. TABLE IN MOTION s\u2019efforce de fournir sur le site www.tableinmotion.eu des informations les plus pr\u00e9cises possibles (sous r\u00e9serve de modifications apport\u00e9es depuis leur mise en ligne). En cons\u00e9quence, l\u2019utilisateur reconna\u00eet utiliser ces informations donn\u00e9es (\u00e0 titre indicatif, non exhaustives et susceptibles d\u2019\u00e9voluer) sous sa responsabilit\u00e9 exclusive.<\/p>\n<p>2 \u2013 Accessibilit\u00e9 : Le site www.tableinmotion.eu est par principe accessible aux utilisateurs 24\/24h, 7\/7j, sauf interruption, programm\u00e9e ou non, pour les besoins de sa maintenance ou en cas de force majeure. En cas d\u2019impossibilit\u00e9 d\u2019acc\u00e8s au service, TABLE IN MOTION s\u2019engage \u00e0 faire son maximum afin de r\u00e9tablir l\u2019acc\u00e8s au service et s\u2019efforcera alors de communiquer pr\u00e9alablement aux utilisateurs les dates et heures de l\u2019intervention. N\u2019\u00e9tant soumis qu\u2019\u00e0 une obligation de moyen, TABLE IN MOTION ne saurait \u00eatre tenu pour responsable de tout dommage, quelle qu\u2019en soit la nature, r\u00e9sultant d\u2019une indisponibilit\u00e9 du service.<\/p>\n<p>3 \u2013 Propri\u00e9t\u00e9 intellectuelle : TABLE IN MOTION est propri\u00e9taire exclusif de tous les droits de propri\u00e9t\u00e9 intellectuelle et d\u00e9tient les droits d\u2019usage sur tous les \u00e9l\u00e9ments accessibles sur le site, tant sur la structure que sur les textes, images, graphismes, logo, ic\u00f4nes, sons, logiciels\u2026Les photos de la page d\u2019accueil sont la propri\u00e9t\u00e9 de TABLE IN MOTION. Toute reproduction totale ou partielle du site www.tableinmotion.eu, repr\u00e9sentation, modification, publication, adaptation totale ou partielle de l\u2019un quelconque de ces \u00e9l\u00e9ments, quel que soit le moyen ou le proc\u00e9d\u00e9 utilis\u00e9, est interdite, sauf autorisation \u00e9crite pr\u00e9alable de TABLE IN MOTION, propri\u00e9taire du site \u00e0 l\u2019email : tableinmotion@orange.fr, \u00e0 d\u00e9faut elle sera consid\u00e9r\u00e9e comme constitutive d\u2019une contrefa\u00e7on et passible de poursuite conform\u00e9ment aux dispositions des articles L.335-2 et suivants du Code de Propri\u00e9t\u00e9 Intellectuelle.<\/p>\n<p>4 \u2013 Liens hypertextes et cookies<\/p>\n<p>Le site www.tableinmotion.eu contient un certain nombre de liens hypertextes vers d\u2019autres sites (partenaires, informations \u2026) mis en place avec l\u2019autorisation de ELITE Chiropractic tables. Cependant TABLE IN MOTION n\u2019a pas la possibilit\u00e9 de v\u00e9rifier l\u2019ensemble du contenu des sites ainsi visit\u00e9s et d\u00e9cline donc toute responsabilit\u00e9 de ce fait quant aux risques \u00e9ventuels de contenus illicites. L\u2019utilisateur est inform\u00e9 que lors de ses visites sur le site www.tableinmotion.eu un ou des cookies sont susceptibles de s\u2019installer automatiquement sur son ordinateur par l\u2019interm\u00e9diaire de son logiciel de navigation. Un cookie est un bloc de donn\u00e9es qui ne permet pas d\u2019identifier l\u2019utilisateur, mais qui enregistre des informations relatives \u00e0 la navigation de celui-ci sur le site. Le param\u00e9trage du logiciel de navigation permet d\u2019informer de la pr\u00e9sence de cookie et \u00e9ventuellement, de la refuser de la mani\u00e8re d\u00e9crite \u00e0 l\u2019adresse suivante : www.cnil.fr. L\u2019utilisateur peut toutefois configurer le navigateur de son ordinateur pour refuser l\u2019installation des cookies, sachant que le refus d\u2019installation d\u2019un cookie peut entra\u00eener l\u2019impossibilit\u00e9 d\u2019acc\u00e9der \u00e0 certains services. Pour tout blocage des cookies, tapez dans votre moteur de recherche : blocage des cookies sous IE ou Firefox et suivez les instructions en fonction de votre version.<\/p>\n<p><strong>Politique de confidentialit\u00e9<\/strong><\/p>\n<p>Conform\u00e9ment au r\u00e8glement europ\u00e9en RGPD : R\u00c8GLEMENT (UE) 2016\/679 DU PARLEMENT EUROP\u00c9EN ET DU CONSEIL du 27 avril 2016 relatif \u00e0 la protection des personnes physiques \u00e0 l\u2019\u00e9gard du traitement des donn\u00e9es \u00e0 caract\u00e8re personnel et \u00e0 la libre circulation de ces donn\u00e9es, et abrogeant la directive 95\/46\/CE (r\u00e8glement g\u00e9n\u00e9ral sur la protection des donn\u00e9es).<\/p>\n<p>1 \u2013 Collecte de l\u2019information TABLE IN MOTION recueille certaines informations lorsque l\u2019utilisateur du site remplit la page de contact: votre nom, votre pr\u00e9nom, votre adresse mail. Ce site ne propose pas de r\u00e9servation en ligne ni de paiement en ligne.<\/p>\n<p>2 \u2013 Utilisation des informations Les informations recueillies peuvent \u00eatre utilis\u00e9es pour: * R\u00e9pondre \u00e0 vos questions ; * Am\u00e9liorer le service client ; * Respecter cette politique de confidentialit\u00e9 impos\u00e9e par le RGDP et par cons\u00e9quent prot\u00e9ger ce site ; * Vous contacter par e-mail si besoin.<\/p>\n<p>3 \u2013 Confidentialit\u00e9 en ligne: TABLE IN MOTION est le seul propri\u00e9taire des informations recueillies sur ce site. Vos informations personnelles ne seront pas vendues, \u00e9chang\u00e9es, transf\u00e9r\u00e9es ou donn\u00e9es \u00e0 une autre soci\u00e9t\u00e9 pour quelque raison que ce soit, et sans votre consentement. Dans la mesure o\u00f9 ce site ne propose pas de r\u00e9servation ou de r\u00e8glement en ligne, il ne sera collect\u00e9 aucune donn\u00e9e concernant ces transactions.<\/p>\n<p>4 \u2013 Protection des informations Les informations recueillies sur ce site le seront pendant 3 ans maximum. Ce site fait l\u2019objet de mesures de protection contre les spams, virus, malware et permet la s\u00e9curisation de vos donn\u00e9es personnelles. Vos informations hors ligne sont \u00e9galement prot\u00e9g\u00e9es. D\u2019une mani\u00e8re g\u00e9n\u00e9rale, vos informations recueillies sur ce site sont stock\u00e9es sur des serveurs enti\u00e8rement s\u00e9curis\u00e9s. Utilisation des cookies: ce site permet l\u2019utilisation des cookies, qui facilitent l\u2019acc\u00e8s au site internet et identifient les visiteurs r\u00e9guliers. Ces cookies permettent \u00e9galement d\u2019am\u00e9liorer l\u2019exp\u00e9rience utilisateur gr\u00e2ce au ciblage de vos centres d\u2019int\u00e9r\u00eat et du suivi de votre visite sur nos pages. Cependant, l\u2019utilisation de ces cookies n\u2019est en aucun cas li\u00e9e aux informations personnelles r\u00e9colt\u00e9es sur notre site.<\/p>\n<p>5 \u2013 Se d\u00e9sabonner ou supprimer ses donn\u00e9es Il est possible \u00e0 tout moment de demander la suppression des donn\u00e9es en nous envoyant un mail \u00e0 l\u2019adresse suivante: tableinmotion@orange.fr pour objet: \u00ab demande d\u2019acc\u00e8s ou de suppression de mes donn\u00e9es personnelles \u00bb. Le formulaire de contact r\u00e9colte votre nom, pr\u00e9nom et adresse mail. Il ne permet pas d\u2019enregistrer vos informations, mais juste de transmettre un mail sur l\u2019adresse contact@tableinmotion.fr afin de r\u00e9pondre \u00e0 vos questions ou demande d\u2019information.<\/p>\n<p>6 \u2013 Consentement En utilisant ce site et sa page de contact, vous consentez \u00e0 sa politique de confidentialit\u00e9.<\/p>\n<p>[\/et_pb_text][\/et_pb_column][\/et_pb_row][\/et_pb_section]<\/p>\n","protected":false},"excerpt":{"rendered":"<p>Mentions l\u00e9gales Informations l\u00e9gales : Statut du propri\u00e9taire Le Propri\u00e9taire est : TABLE IN MOTION Localisation g\u00e9ographique : 2, rue des iris 60128 PLAILLY Le Cr\u00e9ateur du site est : C\u00e9cilia Goubelle Le Responsable de la publication est : C\u00e9cilia Goubelle Contacter le responsable de la publication : C\u00e9cilia Goubelle Le Webmaster est : C\u00e9cilia [&hellip;]<\/p>\n","protected":false},"author":1,"featured_media":0,"parent":0,"menu_order":0,"comment_status":"closed","ping_status":"closed","template":"","meta":{"_et_pb_use_builder":"on","_et_pb_old_content":"<!-- wp:divi\/placeholder \/-->","_et_gb_content_width":"","footnotes":""},"class_list":["post-428","page","type-page","status-publish","hentry"],"yoast_head":"<!-- This site is optimized with the Yoast SEO plugin v23.7 - https:\/\/yoast.com\/wordpress\/plugins\/seo\/ -->\n<title>Politique de confidentialite<\/title>\n<meta name=\"description\" content=\"[et_pb_section fb_built=&quot;1&quot; _builder_version=&quot;4.21.0&quot; _module_preset=&quot;default&quot; global_colors_info=&quot;{}&quot;][et_pb_row _builder_version=&quot;4.21.0&quot; _module_preset=&quot;default&quot; global_colors_info=&quot;{}&quot;][et_pb_column type=&quot;4_4&quot; _builder_version=&quot;4.21.0&quot; _module_preset=&quot;default&quot; global_colors_info=&quot;{}&quot;][et_pb_text _builder_version=&quot;4.21.0&quot; _module_preset=&quot;default&quot; global_colors_info=&quot;{}&quot;]Mentions l\u00e9gales Informations l\u00e9gales : Statut du propri\u00e9taire Le Propri\u00e9taire est : TABLE IN MOTION Localisation g\u00e9ographique : 2, rue des iris 60128 PLAILLY Le Cr\u00e9ateur du site est : C\u00e9cilia Goubelle Le Responsable de la publication est : C\u00e9cilia Goubelle&hellip;\" \/>\n<meta name=\"robots\" content=\"noindex, follow, max-snippet:-1, max-image-preview:large, max-video-preview:-1\" \/>\n<meta property=\"og:locale\" content=\"en_GB\" \/>\n<meta property=\"og:type\" content=\"article\" \/>\n<meta property=\"og:title\" content=\"Politique de confidentialite\" \/>\n<meta property=\"og:description\" content=\"[et_pb_section fb_built=&quot;1&quot; _builder_version=&quot;4.21.0&quot; _module_preset=&quot;default&quot; global_colors_info=&quot;{}&quot;][et_pb_row _builder_version=&quot;4.21.0&quot; _module_preset=&quot;default&quot; global_colors_info=&quot;{}&quot;][et_pb_column type=&quot;4_4&quot; _builder_version=&quot;4.21.0&quot; _module_preset=&quot;default&quot; global_colors_info=&quot;{}&quot;][et_pb_text _builder_version=&quot;4.21.0&quot; _module_preset=&quot;default&quot; global_colors_info=&quot;{}&quot;]Mentions l\u00e9gales Informations l\u00e9gales : Statut du propri\u00e9taire Le Propri\u00e9taire est : TABLE IN MOTION Localisation g\u00e9ographique : 2, rue des iris 60128 PLAILLY Le Cr\u00e9ateur du site est : C\u00e9cilia Goubelle Le Responsable de la publication est : C\u00e9cilia Goubelle&hellip;\" \/>\n<meta property=\"og:url\" content=\"https:\/\/tableinmotion.eu\/politique-de-confidentialite-2\/\" \/>\n<meta property=\"og:site_name\" content=\"Table In Motion\" \/>\n<meta property=\"article:publisher\" content=\"https:\/\/www.facebook.com\/tableinmotion\" \/>\n<meta property=\"article:modified_time\" content=\"2025-06-07T15:55:52+00:00\" \/>\n<meta name=\"twitter:card\" content=\"summary_large_image\" \/>\n<script type=\"application\/ld+json\" class=\"yoast-schema-graph\">{\"@context\":\"https:\/\/schema.org\",\"@graph\":[{\"@type\":\"WebPage\",\"@id\":\"https:\/\/tableinmotion.eu\/politique-de-confidentialite-2\/\",\"url\":\"https:\/\/tableinmotion.eu\/politique-de-confidentialite-2\/\",\"name\":\"Politique de confidentialite - Table In Motion\",\"isPartOf\":{\"@id\":\"https:\/\/tableinmotion.eu\/#website\"},\"datePublished\":\"2023-07-11T13:56:47+00:00\",\"dateModified\":\"2025-06-07T15:55:52+00:00\",\"breadcrumb\":{\"@id\":\"https:\/\/tableinmotion.eu\/politique-de-confidentialite-2\/#breadcrumb\"},\"inLanguage\":\"en-GB\",\"potentialAction\":[{\"@type\":\"ReadAction\",\"target\":[\"https:\/\/tableinmotion.eu\/politique-de-confidentialite-2\/\"]}]},{\"@type\":\"BreadcrumbList\",\"@id\":\"https:\/\/tableinmotion.eu\/politique-de-confidentialite-2\/#breadcrumb\",\"itemListElement\":[{\"@type\":\"ListItem\",\"position\":1,\"name\":\"Welcome\",\"item\":\"https:\/\/tableinmotion.eu\/\"},{\"@type\":\"ListItem\",\"position\":2,\"name\":\"Politique de confidentialite\"}]},{\"@type\":\"WebSite\",\"@id\":\"https:\/\/tableinmotion.eu\/#website\",\"url\":\"https:\/\/tableinmotion.eu\/\",\"name\":\"Table In Motion\",\"description\":\"Les tables ELITE en France et en Europe\",\"publisher\":{\"@id\":\"https:\/\/tableinmotion.eu\/#organization\"},\"potentialAction\":[{\"@type\":\"SearchAction\",\"target\":{\"@type\":\"EntryPoint\",\"urlTemplate\":\"https:\/\/tableinmotion.eu\/?s={search_term_string}\"},\"query-input\":{\"@type\":\"PropertyValueSpecification\",\"valueRequired\":true,\"valueName\":\"search_term_string\"}}],\"inLanguage\":\"en-GB\"},{\"@type\":\"Organization\",\"@id\":\"https:\/\/tableinmotion.eu\/#organization\",\"name\":\"Table In Motion\",\"url\":\"https:\/\/tableinmotion.eu\/\",\"logo\":{\"@type\":\"ImageObject\",\"inLanguage\":\"en-GB\",\"@id\":\"https:\/\/tableinmotion.eu\/#\/schema\/logo\/image\/\",\"url\":\"https:\/\/tableinmotion.eu\/wp-content\/uploads\/2023\/03\/logo-seul.jpg\",\"contentUrl\":\"https:\/\/tableinmotion.eu\/wp-content\/uploads\/2023\/03\/logo-seul.jpg\",\"width\":700,\"height\":225,\"caption\":\"Table In Motion\"},\"image\":{\"@id\":\"https:\/\/tableinmotion.eu\/#\/schema\/logo\/image\/\"},\"sameAs\":[\"https:\/\/www.facebook.com\/tableinmotion\"]}]}<\/script>\n<!-- \/ Yoast SEO plugin. -->","yoast_head_json":{"title":"Politique de confidentialite","description":"[et_pb_section fb_built=\"1\" _builder_version=\"4.21.0\" _module_preset=\"default\" global_colors_info=\"{}\"][et_pb_row _builder_version=\"4.21.0\" _module_preset=\"default\" global_colors_info=\"{}\"][et_pb_column type=\"4_4\" _builder_version=\"4.21.0\" _module_preset=\"default\" global_colors_info=\"{}\"][et_pb_text _builder_version=\"4.21.0\" _module_preset=\"default\" global_colors_info=\"{}\"]Mentions l\u00e9gales Informations l\u00e9gales : Statut du propri\u00e9taire Le Propri\u00e9taire est : TABLE IN MOTION Localisation g\u00e9ographique : 2, rue des iris 60128 PLAILLY Le Cr\u00e9ateur du site est : C\u00e9cilia Goubelle Le Responsable de la publication est : C\u00e9cilia Goubelle&hellip;","robots":{"index":"noindex","follow":"follow","max-snippet":"max-snippet:-1","max-image-preview":"max-image-preview:large","max-video-preview":"max-video-preview:-1"},"og_locale":"en_GB","og_type":"article","og_title":"Politique de confidentialite","og_description":"[et_pb_section fb_built=\"1\" _builder_version=\"4.21.0\" _module_preset=\"default\" global_colors_info=\"{}\"][et_pb_row _builder_version=\"4.21.0\" _module_preset=\"default\" global_colors_info=\"{}\"][et_pb_column type=\"4_4\" _builder_version=\"4.21.0\" _module_preset=\"default\" global_colors_info=\"{}\"][et_pb_text _builder_version=\"4.21.0\" _module_preset=\"default\" global_colors_info=\"{}\"]Mentions l\u00e9gales Informations l\u00e9gales : Statut du propri\u00e9taire Le Propri\u00e9taire est : TABLE IN MOTION Localisation g\u00e9ographique : 2, rue des iris 60128 PLAILLY Le Cr\u00e9ateur du site est : C\u00e9cilia Goubelle Le Responsable de la publication est : C\u00e9cilia Goubelle&hellip;","og_url":"https:\/\/tableinmotion.eu\/politique-de-confidentialite-2\/","og_site_name":"Table In Motion","article_publisher":"https:\/\/www.facebook.com\/tableinmotion","article_modified_time":"2025-06-07T15:55:52+00:00","twitter_card":"summary_large_image","schema":{"@context":"https:\/\/schema.org","@graph":[{"@type":"WebPage","@id":"https:\/\/tableinmotion.eu\/politique-de-confidentialite-2\/","url":"https:\/\/tableinmotion.eu\/politique-de-confidentialite-2\/","name":"Politique de confidentialite - Table In Motion","isPartOf":{"@id":"https:\/\/tableinmotion.eu\/#website"},"datePublished":"2023-07-11T13:56:47+00:00","dateModified":"2025-06-07T15:55:52+00:00","breadcrumb":{"@id":"https:\/\/tableinmotion.eu\/politique-de-confidentialite-2\/#breadcrumb"},"inLanguage":"en-GB","potentialAction":[{"@type":"ReadAction","target":["https:\/\/tableinmotion.eu\/politique-de-confidentialite-2\/"]}]},{"@type":"BreadcrumbList","@id":"https:\/\/tableinmotion.eu\/politique-de-confidentialite-2\/#breadcrumb","itemListElement":[{"@type":"ListItem","position":1,"name":"Welcome","item":"https:\/\/tableinmotion.eu\/"},{"@type":"ListItem","position":2,"name":"Politique de confidentialite"}]},{"@type":"WebSite","@id":"https:\/\/tableinmotion.eu\/#website","url":"https:\/\/tableinmotion.eu\/","name":"Table In Motion","description":"Les tables ELITE en France et en Europe","publisher":{"@id":"https:\/\/tableinmotion.eu\/#organization"},"potentialAction":[{"@type":"SearchAction","target":{"@type":"EntryPoint","urlTemplate":"https:\/\/tableinmotion.eu\/?s={search_term_string}"},"query-input":{"@type":"PropertyValueSpecification","valueRequired":true,"valueName":"search_term_string"}}],"inLanguage":"en-GB"},{"@type":"Organization","@id":"https:\/\/tableinmotion.eu\/#organization","name":"Table In Motion","url":"https:\/\/tableinmotion.eu\/","logo":{"@type":"ImageObject","inLanguage":"en-GB","@id":"https:\/\/tableinmotion.eu\/#\/schema\/logo\/image\/","url":"https:\/\/tableinmotion.eu\/wp-content\/uploads\/2023\/03\/logo-seul.jpg","contentUrl":"https:\/\/tableinmotion.eu\/wp-content\/uploads\/2023\/03\/logo-seul.jpg","width":700,"height":225,"caption":"Table In Motion"},"image":{"@id":"https:\/\/tableinmotion.eu\/#\/schema\/logo\/image\/"},"sameAs":["https:\/\/www.facebook.com\/tableinmotion"]}]}},"_links":{"self":[{"href":"https:\/\/tableinmotion.eu\/wp-json\/wp\/v2\/pages\/428","targetHints":{"allow":["GET"]}}],"collection":[{"href":"https:\/\/tableinmotion.eu\/wp-json\/wp\/v2\/pages"}],"about":[{"href":"https:\/\/tableinmotion.eu\/wp-json\/wp\/v2\/types\/page"}],"author":[{"embeddable":true,"href":"https:\/\/tableinmotion.eu\/wp-json\/wp\/v2\/users\/1"}],"replies":[{"embeddable":true,"href":"https:\/\/tableinmotion.eu\/wp-json\/wp\/v2\/comments?post=428"}],"version-history":[{"count":6,"href":"https:\/\/tableinmotion.eu\/wp-json\/wp\/v2\/pages\/428\/revisions"}],"predecessor-version":[{"id":673,"href":"https:\/\/tableinmotion.eu\/wp-json\/wp\/v2\/pages\/428\/revisions\/673"}],"wp:attachment":[{"href":"https:\/\/tableinmotion.eu\/wp-json\/wp\/v2\/media?parent=428"}],"curies":[{"name":"wp","href":"https:\/\/api.w.org\/{rel}","templated":true}]}}