{"id":579,"date":"2026-03-16T10:13:32","date_gmt":"2026-03-16T10:13:32","guid":{"rendered":"http:\/\/shmuel"},"modified":"2026-05-15T17:20:49","modified_gmt":"2026-05-15T17:20:49","slug":"table-elite-tet-ha","status":"publish","type":"product","link":"https:\/\/tableinmotion.eu\/?product=table-elite-tet-ha","title":{"rendered":"Table ELITE TET-HA"},"content":{"rendered":"<h3 data-section-id=\"1imlue5\" data-start=\"0\" data-end=\"22\">Options de hauteur<\/h3>\n<p data-start=\"24\" data-end=\"155\">La banquette <strong data-start=\"37\" data-end=\"55\">TET-HA d\u2019ELITE<\/strong> est disponible avec une <strong data-start=\"80\" data-end=\"103\">\u00e9l\u00e9vation motoris\u00e9e<\/strong>, une <strong data-start=\"109\" data-end=\"132\">\u00e9l\u00e9vation par pompe<\/strong> ou \u00e0 <strong data-start=\"138\" data-end=\"154\">hauteur fixe<\/strong>.<\/p>\n<p data-start=\"157\" data-end=\"387\">L\u2019option motoris\u00e9e permet de r\u00e9gler la hauteur id\u00e9ale d\u2019une simple pression sur une p\u00e9dale de commande. La table dispose d\u2019une course d\u2019\u00e9l\u00e9vation de <strong data-start=\"306\" data-end=\"328\">8 pouces (20,3 cm)<\/strong> et supporte une charge allant jusqu\u2019\u00e0 <strong data-start=\"367\" data-end=\"386\">230 kg (500 lb)<\/strong>.<\/p>\n<h3 data-section-id=\"p8ee5a\" data-start=\"439\" data-end=\"471\">Ouverture faciale et d\u00e9coupe<\/h3>\n<p data-start=\"473\" data-end=\"512\">Ouverture faciale et d\u00e9coupe int\u00e9gr\u00e9es.<\/p>\n<h3 data-section-id=\"46n6b1\" data-start=\"514\" data-end=\"546\">R\u00e9glage manuel de la hauteur<\/h3>\n<p data-start=\"548\" data-end=\"644\">Le mod\u00e8le de base est \u00e9quip\u00e9 d\u2019un syst\u00e8me \u00e0 goupille permettant un r\u00e9glage rapide de la hauteur.<\/p>\n<h3 data-section-id=\"1q617dt\" data-start=\"646\" data-end=\"671\">Alimentation sans fil<\/h3>\n<p data-start=\"673\" data-end=\"968\" data-is-last-node=\"\" data-is-only-node=\"\">L\u2019alimentation sans fil est un syst\u00e8me rechargeable qui offre les m\u00eames performances de levage qu\u2019une table branch\u00e9e sur secteur. Une seule charge permet une semaine compl\u00e8te d\u2019utilisation. Plus besoin de rallonges \u00e9lectriques. Pour une flexibilit\u00e9 maximale, ajoutez une batterie suppl\u00e9mentaire.<\/p>\n","protected":false},"excerpt":{"rendered":"<p>Bench de th\u00e9rapie \/ examen ELITE pour usage clinique compl\u00e9mentaire.<\/p>\n","protected":false},"featured_media":271,"comment_status":"open","ping_status":"closed","template":"","meta":{"_acf_changed":false},"product_brand":[30],"product_cat":[96,42,44,43],"product_tag":[87],"class_list":{"0":"post-579","1":"product","2":"type-product","3":"status-publish","4":"has-post-thumbnail","6":"product_brand-elite","7":"product_cat-table-elevation","8":"product_cat-table-chiropracteur","9":"product_cat-table-kinesitherapeute","10":"product_cat-table-osteopathe","11":"product_tag-table-elevation","13":"first","14":"instock","15":"taxable","16":"shipping-taxable","17":"purchasable","18":"product-type-simple"},"acf":[],"_links":{"self":[{"href":"https:\/\/tableinmotion.eu\/index.php?rest_route=\/wp\/v2\/product\/579","targetHints":{"allow":["GET"]}}],"collection":[{"href":"https:\/\/tableinmotion.eu\/index.php?rest_route=\/wp\/v2\/product"}],"about":[{"href":"https:\/\/tableinmotion.eu\/index.php?rest_route=\/wp\/v2\/types\/product"}],"replies":[{"embeddable":true,"href":"https:\/\/tableinmotion.eu\/index.php?rest_route=%2Fwp%2Fv2%2Fcomments&post=579"}],"wp:featuredmedia":[{"embeddable":true,"href":"https:\/\/tableinmotion.eu\/index.php?rest_route=\/wp\/v2\/media\/271"}],"wp:attachment":[{"href":"https:\/\/tableinmotion.eu\/index.php?rest_route=%2Fwp%2Fv2%2Fmedia&parent=579"}],"wp:term":[{"taxonomy":"product_brand","embeddable":true,"href":"https:\/\/tableinmotion.eu\/index.php?rest_route=%2Fwp%2Fv2%2Fproduct_brand&post=579"},{"taxonomy":"product_cat","embeddable":true,"href":"https:\/\/tableinmotion.eu\/index.php?rest_route=%2Fwp%2Fv2%2Fproduct_cat&post=579"},{"taxonomy":"product_tag","embeddable":true,"href":"https:\/\/tableinmotion.eu\/index.php?rest_route=%2Fwp%2Fv2%2Fproduct_tag&post=579"}],"curies":[{"name":"wp","href":"https:\/\/api.w.org\/{rel}","templated":true}]}}