{"id":582,"date":"2026-03-16T10:13:33","date_gmt":"2026-03-16T10:13:33","guid":{"rendered":"http:\/\/shmuel"},"modified":"2026-05-15T17:12:20","modified_gmt":"2026-05-15T17:12:20","slug":"table-elite-kinesitherapie","status":"publish","type":"product","link":"https:\/\/tableinmotion.eu\/?product=table-elite-kinesitherapie","title":{"rendered":"Table ELITE PT Series"},"content":{"rendered":"<h3 data-section-id=\"10tja24\" data-start=\"0\" data-end=\"24\">\u00c9l\u00e9vation \u00e9lectrique<\/h3>\n<p data-start=\"26\" data-end=\"279\">R\u00e9glez la hauteur de la table d\u2019une simple pression sur une p\u00e9dale de commande, accessible des deux c\u00f4t\u00e9s de la table. La table offre une plage d\u2019\u00e9l\u00e9vation de <strong data-start=\"185\" data-end=\"220\">18 \u00e0 38 pouces (45,7 \u00e0 96,5 cm)<\/strong> et supporte une charge allant jusqu\u2019\u00e0 <strong data-start=\"259\" data-end=\"278\">230 kg (500 lb)<\/strong>.<\/p>\n<h3 data-section-id=\"1ey6e8d\" data-start=\"281\" data-end=\"351\">\u00c9l\u00e9vation \u00e9lectrique de s\u00e9rie sur toutes les tables de la gamme PT<\/h3>\n<p data-start=\"353\" data-end=\"438\">L\u2019\u00e9l\u00e9vation \u00e9lectrique est fournie de s\u00e9rie sur toutes les tables de la s\u00e9rie <strong data-start=\"431\" data-end=\"437\">PT<\/strong>.<\/p>\n<h3 data-section-id=\"p8ee5a\" data-start=\"440\" data-end=\"472\">Ouverture faciale et d\u00e9coupe<\/h3>\n<p data-start=\"474\" data-end=\"513\">Ouverture faciale et d\u00e9coupe int\u00e9gr\u00e9es.<\/p>\n<h3 data-section-id=\"y412r8\" data-start=\"515\" data-end=\"550\">Appui-t\u00eate et dossier r\u00e9glables<\/h3>\n<p data-start=\"552\" data-end=\"586\">Con\u00e7us pour le confort du patient.<\/p>\n<h3 data-section-id=\"1q617dt\" data-start=\"588\" data-end=\"613\">Alimentation sans fil<\/h3>\n<p data-start=\"615\" data-end=\"910\" data-is-last-node=\"\" data-is-only-node=\"\">L\u2019alimentation sans fil est un syst\u00e8me rechargeable qui offre les m\u00eames performances de levage qu\u2019une table branch\u00e9e sur secteur. Une seule charge permet une semaine compl\u00e8te d\u2019utilisation. Plus besoin de rallonges \u00e9lectriques. Pour une flexibilit\u00e9 maximale, ajoutez une batterie suppl\u00e9mentaire.<\/p>\n","protected":false},"excerpt":{"rendered":"<p>La <strong data-start=\"39\" data-end=\"52\">PT Series<\/strong> d\u2019ELITE est une table de th\u00e9rapie et d\u2019examen con\u00e7ue pour le confort du patient et la praticit\u00e9 au quotidien. Elle est \u00e9quip\u00e9e de s\u00e9rie d\u2019une <strong data-start=\"195\" data-end=\"219\">\u00e9l\u00e9vation \u00e9lectrique<\/strong>, d\u2019une <strong data-start=\"227\" data-end=\"261\">ouverture faciale avec d\u00e9coupe<\/strong>, ainsi que d\u2019un <strong data-start=\"278\" data-end=\"318\">appui-t\u00eate et d\u2019un dossier r\u00e9glables<\/strong>. Une option <strong data-start=\"331\" data-end=\"358\">d\u2019alimentation sans fil<\/strong> est \u00e9galement propos\u00e9e pour plus de flexibilit\u00e9 d\u2019installation.<\/p>\n","protected":false},"featured_media":270,"comment_status":"open","ping_status":"closed","template":"","meta":{"_acf_changed":false},"product_brand":[30],"product_cat":[97,42,44,46,45,43,26],"product_tag":[87,93],"class_list":{"0":"post-582","1":"product","2":"type-product","3":"status-publish","4":"has-post-thumbnail","6":"product_brand-elite","7":"product_cat-table-fauteuil-dossier-relevable-multiposition","8":"product_cat-table-chiropracteur","9":"product_cat-table-kinesitherapeute","10":"product_cat-massage","11":"product_cat-medecin","12":"product_cat-table-osteopathe","13":"product_cat-table-tatoueur","14":"product_tag-table-elevation","15":"product_tag-table-fauteuil-dossier-relevable-multiposition","17":"first","18":"instock","19":"taxable","20":"shipping-taxable","21":"purchasable","22":"product-type-simple"},"acf":[],"_links":{"self":[{"href":"https:\/\/tableinmotion.eu\/index.php?rest_route=\/wp\/v2\/product\/582","targetHints":{"allow":["GET"]}}],"collection":[{"href":"https:\/\/tableinmotion.eu\/index.php?rest_route=\/wp\/v2\/product"}],"about":[{"href":"https:\/\/tableinmotion.eu\/index.php?rest_route=\/wp\/v2\/types\/product"}],"replies":[{"embeddable":true,"href":"https:\/\/tableinmotion.eu\/index.php?rest_route=%2Fwp%2Fv2%2Fcomments&post=582"}],"wp:featuredmedia":[{"embeddable":true,"href":"https:\/\/tableinmotion.eu\/index.php?rest_route=\/wp\/v2\/media\/270"}],"wp:attachment":[{"href":"https:\/\/tableinmotion.eu\/index.php?rest_route=%2Fwp%2Fv2%2Fmedia&parent=582"}],"wp:term":[{"taxonomy":"product_brand","embeddable":true,"href":"https:\/\/tableinmotion.eu\/index.php?rest_route=%2Fwp%2Fv2%2Fproduct_brand&post=582"},{"taxonomy":"product_cat","embeddable":true,"href":"https:\/\/tableinmotion.eu\/index.php?rest_route=%2Fwp%2Fv2%2Fproduct_cat&post=582"},{"taxonomy":"product_tag","embeddable":true,"href":"https:\/\/tableinmotion.eu\/index.php?rest_route=%2Fwp%2Fv2%2Fproduct_tag&post=582"}],"curies":[{"name":"wp","href":"https:\/\/api.w.org\/{rel}","templated":true}]}}