{"id":585,"date":"2026-03-16T10:13:33","date_gmt":"2026-03-16T10:13:33","guid":{"rendered":"http:\/\/shmuel"},"modified":"2026-05-15T17:05:52","modified_gmt":"2026-05-15T17:05:52","slug":"table-elite-hybrid-adjusting","status":"publish","type":"product","link":"https:\/\/tableinmotion.eu\/?product=table-elite-hybrid-adjusting","title":{"rendered":"Table ELITE Hybrid Adjusting"},"content":{"rendered":"<h3 data-section-id=\"ng48zi\" data-start=\"0\" data-end=\"43\">Design, fonctionnalit\u00e9s et performances<\/h3>\n<p data-start=\"45\" data-end=\"201\">Associe les caract\u00e9ristiques de notre table <strong data-start=\"89\" data-end=\"121\">ELITE \u00e0 \u00e9l\u00e9vation \u00e9lectrique<\/strong>, notre mod\u00e8le le plus vendu, \u00e0 celles d\u2019une table hybride avec position assise.<\/p>\n<h3 data-section-id=\"10tja24\" data-start=\"203\" data-end=\"227\">\u00c9l\u00e9vation \u00e9lectrique<\/h3>\n<p data-start=\"229\" data-end=\"445\">Ajustez votre table \u00e0 la hauteur id\u00e9ale d\u2019une simple pression sur une p\u00e9dale de commande. La table dispose d\u2019une course d\u2019\u00e9l\u00e9vation de <strong data-start=\"364\" data-end=\"386\">8 pouces (20,3 cm)<\/strong> et supporte une charge allant jusqu\u2019\u00e0 <strong data-start=\"425\" data-end=\"444\">230 kg (500 lb)<\/strong>.<\/p>\n<h3 data-section-id=\"1s3gd7f\" data-start=\"447\" data-end=\"485\">Passage de l\u2019\u00e9l\u00e9vation \u00e0 l\u2019hybride<\/h3>\n<p data-start=\"487\" data-end=\"560\" data-is-last-node=\"\" data-is-only-node=\"\">Passez rapidement d\u2019une table \u00e0 \u00e9l\u00e9vation \u00e9lectrique \u00e0 une table hybride.<\/p>\n","protected":false},"excerpt":{"rendered":"<p>Table hybride pens\u00e9e pour conjuguer la logique adjusting ELITE avec une base polyvalente.<\/p>\n","protected":false},"featured_media":219,"comment_status":"open","ping_status":"closed","template":"","meta":{"_acf_changed":false},"product_brand":[30],"product_cat":[97,42,44,46,45,43,26],"product_tag":[89,87,93],"class_list":{"0":"post-585","1":"product","2":"type-product","3":"status-publish","4":"has-post-thumbnail","6":"product_brand-elite","7":"product_cat-table-fauteuil-dossier-relevable-multiposition","8":"product_cat-table-chiropracteur","9":"product_cat-table-kinesitherapeute","10":"product_cat-massage","11":"product_cat-medecin","12":"product_cat-table-osteopathe","13":"product_cat-table-tatoueur","14":"product_tag-table-drop","15":"product_tag-table-elevation","16":"product_tag-table-fauteuil-dossier-relevable-multiposition","18":"first","19":"instock","20":"taxable","21":"shipping-taxable","22":"purchasable","23":"product-type-simple"},"acf":[],"_links":{"self":[{"href":"https:\/\/tableinmotion.eu\/index.php?rest_route=\/wp\/v2\/product\/585","targetHints":{"allow":["GET"]}}],"collection":[{"href":"https:\/\/tableinmotion.eu\/index.php?rest_route=\/wp\/v2\/product"}],"about":[{"href":"https:\/\/tableinmotion.eu\/index.php?rest_route=\/wp\/v2\/types\/product"}],"replies":[{"embeddable":true,"href":"https:\/\/tableinmotion.eu\/index.php?rest_route=%2Fwp%2Fv2%2Fcomments&post=585"}],"wp:featuredmedia":[{"embeddable":true,"href":"https:\/\/tableinmotion.eu\/index.php?rest_route=\/wp\/v2\/media\/219"}],"wp:attachment":[{"href":"https:\/\/tableinmotion.eu\/index.php?rest_route=%2Fwp%2Fv2%2Fmedia&parent=585"}],"wp:term":[{"taxonomy":"product_brand","embeddable":true,"href":"https:\/\/tableinmotion.eu\/index.php?rest_route=%2Fwp%2Fv2%2Fproduct_brand&post=585"},{"taxonomy":"product_cat","embeddable":true,"href":"https:\/\/tableinmotion.eu\/index.php?rest_route=%2Fwp%2Fv2%2Fproduct_cat&post=585"},{"taxonomy":"product_tag","embeddable":true,"href":"https:\/\/tableinmotion.eu\/index.php?rest_route=%2Fwp%2Fv2%2Fproduct_tag&post=585"}],"curies":[{"name":"wp","href":"https:\/\/api.w.org\/{rel}","templated":true}]}}