{"id":586,"date":"2026-03-16T10:13:33","date_gmt":"2026-03-16T10:13:33","guid":{"rendered":"http:\/\/shmuel"},"modified":"2026-05-15T17:01:07","modified_gmt":"2026-05-15T17:01:07","slug":"table-elite-high-low","status":"publish","type":"product","link":"https:\/\/tableinmotion.eu\/?product=table-elite-high-low","title":{"rendered":"Table ELITE High Low"},"content":{"rendered":"<h3 data-section-id=\"19nhxtn\" data-start=\"0\" data-end=\"29\">Syst\u00e8me mont\u00e9e \/ descente<\/h3>\n<p data-start=\"31\" data-end=\"209\">Les patients rencontrant des difficult\u00e9s peuvent \u00eatre install\u00e9s facilement sur la table en position debout, puis abaiss\u00e9s jusqu\u2019\u00e0 la position de travail id\u00e9ale pour le praticien.<\/p>\n<h3 data-section-id=\"7b645j\" data-start=\"211\" data-end=\"234\">Section escamotable<\/h3>\n<p data-start=\"236\" data-end=\"318\">L\u2019option de section escamotable comprend \u00e9galement un drop int\u00e9gr\u00e9 \u00e0 cette partie.<\/p>\n<h3 data-section-id=\"1chh6ou\" data-start=\"320\" data-end=\"336\">Repose-pieds<\/h3>\n<p data-start=\"338\" data-end=\"427\" data-is-last-node=\"\" data-is-only-node=\"\">Le repose-pieds se replie afin d\u2019offrir une position de travail optimale pour la flexion.<\/p>\n","protected":false},"excerpt":{"rendered":"<p>Table high-low con\u00e7ue pour am\u00e9liorer l\u2019acc\u00e8s patient et l\u2019ergonomie praticien dans un format polyvalent.<\/p>\n","protected":false},"featured_media":259,"comment_status":"open","ping_status":"closed","template":"","meta":{"_acf_changed":false},"product_brand":[30],"product_cat":[95,98,42,44,46,45,43,26],"product_tag":[89,90],"class_list":{"0":"post-586","1":"product","2":"type-product","3":"status-publish","4":"has-post-thumbnail","6":"product_brand-elite","7":"product_cat-table-drop","8":"product_cat-table-high-low-verticalisation","9":"product_cat-table-chiropracteur","10":"product_cat-table-kinesitherapeute","11":"product_cat-massage","12":"product_cat-medecin","13":"product_cat-table-osteopathe","14":"product_cat-table-tatoueur","15":"product_tag-table-drop","16":"product_tag-table-high-low-verticalisation","18":"first","19":"instock","20":"taxable","21":"shipping-taxable","22":"purchasable","23":"product-type-simple"},"acf":[],"_links":{"self":[{"href":"https:\/\/tableinmotion.eu\/index.php?rest_route=\/wp\/v2\/product\/586","targetHints":{"allow":["GET"]}}],"collection":[{"href":"https:\/\/tableinmotion.eu\/index.php?rest_route=\/wp\/v2\/product"}],"about":[{"href":"https:\/\/tableinmotion.eu\/index.php?rest_route=\/wp\/v2\/types\/product"}],"replies":[{"embeddable":true,"href":"https:\/\/tableinmotion.eu\/index.php?rest_route=%2Fwp%2Fv2%2Fcomments&post=586"}],"wp:featuredmedia":[{"embeddable":true,"href":"https:\/\/tableinmotion.eu\/index.php?rest_route=\/wp\/v2\/media\/259"}],"wp:attachment":[{"href":"https:\/\/tableinmotion.eu\/index.php?rest_route=%2Fwp%2Fv2%2Fmedia&parent=586"}],"wp:term":[{"taxonomy":"product_brand","embeddable":true,"href":"https:\/\/tableinmotion.eu\/index.php?rest_route=%2Fwp%2Fv2%2Fproduct_brand&post=586"},{"taxonomy":"product_cat","embeddable":true,"href":"https:\/\/tableinmotion.eu\/index.php?rest_route=%2Fwp%2Fv2%2Fproduct_cat&post=586"},{"taxonomy":"product_tag","embeddable":true,"href":"https:\/\/tableinmotion.eu\/index.php?rest_route=%2Fwp%2Fv2%2Fproduct_tag&post=586"}],"curies":[{"name":"wp","href":"https:\/\/api.w.org\/{rel}","templated":true}]}}