{"id":587,"date":"2026-03-16T10:13:33","date_gmt":"2026-03-16T10:13:33","guid":{"rendered":"http:\/\/shmuel"},"modified":"2026-05-15T16:59:01","modified_gmt":"2026-05-15T16:59:01","slug":"table-elite-manual-flexion","status":"publish","type":"product","link":"https:\/\/tableinmotion.eu\/?product=table-elite-manual-flexion","title":{"rendered":"Table ELITE Manual Flexion"},"content":{"rendered":"<h3 data-section-id=\"te946m\" data-start=\"0\" data-end=\"20\">Flexion manuelle<\/h3>\n<p data-start=\"22\" data-end=\"468\">La flexion manuelle permet au praticien d\u2019effectuer un mouvement articulaire en <strong data-start=\"102\" data-end=\"123\">figure en 8 (ROM)<\/strong>. L\u2019amplitude de flexion lat\u00e9rale fluide est de <strong data-start=\"171\" data-end=\"184\">20 degr\u00e9s<\/strong>, avec une profondeur de flexion de <strong data-start=\"220\" data-end=\"238\">22 \u00e0 25 degr\u00e9s<\/strong>. La table peut \u00eatre verrouill\u00e9e en position fl\u00e9chie, et la poign\u00e9e de commande de flexion amovible propose <strong data-start=\"346\" data-end=\"375\">trois r\u00e9glages de hauteur<\/strong>. Le coussin pelvien de la table peut s\u2019abaisser en position fl\u00e9chie, neutre ou en extension.<\/p>\n<h3 data-section-id=\"16yir2c\" data-start=\"470\" data-end=\"504\">Flexion manuelle verrouillable<\/h3>\n<p data-start=\"506\" data-end=\"560\">La flexion manuelle peut \u00eatre verrouill\u00e9e en position.<\/p>\n<h3 data-section-id=\"fwh1pm\" data-start=\"562\" data-end=\"581\">Rotation axiale<\/h3>\n<p data-start=\"583\" data-end=\"752\">Faites pivoter et verrouillez la table dans n\u2019importe quelle position \u00e0 l\u2019aide de la poign\u00e9e de verrouillage. La rotation axiale offre jusqu\u2019\u00e0 <strong data-start=\"726\" data-end=\"739\">22 degr\u00e9s<\/strong> de rotation.<\/p>\n<h3 data-section-id=\"10tja24\" data-start=\"754\" data-end=\"778\">\u00c9l\u00e9vation \u00e9lectrique<\/h3>\n<p data-start=\"780\" data-end=\"996\">Ajustez votre table \u00e0 la hauteur id\u00e9ale d\u2019une simple pression sur une p\u00e9dale de commande. La table dispose d\u2019une course d\u2019\u00e9l\u00e9vation de <strong data-start=\"915\" data-end=\"937\">8 pouces (20,3 cm)<\/strong> et supporte une charge allant jusqu\u2019\u00e0 <strong data-start=\"976\" data-end=\"995\">230 kg (500 lb)<\/strong>.<\/p>\n<h3 data-section-id=\"gh081u\" data-start=\"998\" data-end=\"1018\">Poign\u00e9e amovible<\/h3>\n<p data-start=\"1020\" data-end=\"1091\" data-is-last-node=\"\" data-is-only-node=\"\">La poign\u00e9e de flexion peut \u00eatre retir\u00e9e lorsqu\u2019elle n\u2019est pas utilis\u00e9e.<\/p>\n","protected":false},"excerpt":{"rendered":"<p>Table de flexion manuelle d\u00e9di\u00e9e aux praticiens recherchant une plateforme de flexion-distraction pr\u00e9cise et configurable.<\/p>\n","protected":false},"featured_media":262,"comment_status":"open","ping_status":"closed","template":"","meta":{"_acf_changed":false},"product_brand":[30],"product_cat":[94,95,42,44,43],"product_tag":[91,89],"class_list":{"0":"post-587","1":"product","2":"type-product","3":"status-publish","4":"has-post-thumbnail","6":"product_brand-elite","7":"product_cat-table-cox-flexion-distraction-decompression-lombaire","8":"product_cat-table-drop","9":"product_cat-table-chiropracteur","10":"product_cat-table-kinesitherapeute","11":"product_cat-table-osteopathe","12":"product_tag-table-cox-flexion-distraction-decompression-lombaire","13":"product_tag-table-drop","15":"first","16":"instock","17":"taxable","18":"shipping-taxable","19":"purchasable","20":"product-type-simple"},"acf":[],"_links":{"self":[{"href":"https:\/\/tableinmotion.eu\/index.php?rest_route=\/wp\/v2\/product\/587","targetHints":{"allow":["GET"]}}],"collection":[{"href":"https:\/\/tableinmotion.eu\/index.php?rest_route=\/wp\/v2\/product"}],"about":[{"href":"https:\/\/tableinmotion.eu\/index.php?rest_route=\/wp\/v2\/types\/product"}],"replies":[{"embeddable":true,"href":"https:\/\/tableinmotion.eu\/index.php?rest_route=%2Fwp%2Fv2%2Fcomments&post=587"}],"wp:featuredmedia":[{"embeddable":true,"href":"https:\/\/tableinmotion.eu\/index.php?rest_route=\/wp\/v2\/media\/262"}],"wp:attachment":[{"href":"https:\/\/tableinmotion.eu\/index.php?rest_route=%2Fwp%2Fv2%2Fmedia&parent=587"}],"wp:term":[{"taxonomy":"product_brand","embeddable":true,"href":"https:\/\/tableinmotion.eu\/index.php?rest_route=%2Fwp%2Fv2%2Fproduct_brand&post=587"},{"taxonomy":"product_cat","embeddable":true,"href":"https:\/\/tableinmotion.eu\/index.php?rest_route=%2Fwp%2Fv2%2Fproduct_cat&post=587"},{"taxonomy":"product_tag","embeddable":true,"href":"https:\/\/tableinmotion.eu\/index.php?rest_route=%2Fwp%2Fv2%2Fproduct_tag&post=587"}],"curies":[{"name":"wp","href":"https:\/\/api.w.org\/{rel}","templated":true}]}}