{"id":588,"date":"2026-03-16T10:13:33","date_gmt":"2026-03-16T10:13:33","guid":{"rendered":"http:\/\/shmuel"},"modified":"2026-05-15T16:31:36","modified_gmt":"2026-05-15T16:31:36","slug":"table-elite-high-low-automatic-flexion","status":"publish","type":"product","link":"https:\/\/tableinmotion.eu\/?product=table-elite-high-low-automatic-flexion","title":{"rendered":"Table ELITE High Low Automatic Flexion"},"content":{"rendered":"<h3 data-section-id=\"9bom2u\" data-start=\"0\" data-end=\"23\">Flexion automatique<\/h3>\n<p data-start=\"25\" data-end=\"229\">Proposez \u00e0 vos patients un traitement par flexion motoris\u00e9e. R\u00e9glez rapidement les diff\u00e9rentes options de traitement depuis l\u2019unit\u00e9 de commande, telles que la dur\u00e9e du traitement et la vitesse de flexion.<\/p>\n<h3 data-section-id=\"19nhxtn\" data-start=\"231\" data-end=\"260\">Syst\u00e8me mont\u00e9e \/ descente<\/h3>\n<p data-start=\"262\" data-end=\"426\">Les patients en difficult\u00e9 peuvent \u00eatre install\u00e9s facilement sur la table en position debout, puis abaiss\u00e9s jusqu\u2019\u00e0 la position de travail id\u00e9ale pour le praticien.<\/p>\n<h3 data-section-id=\"1chh6ou\" data-start=\"428\" data-end=\"444\">Repose-pieds<\/h3>\n<p data-start=\"446\" data-end=\"535\">Le repose-pieds se replie afin d\u2019offrir une position de travail optimale pour la flexion.<\/p>\n<h3 data-section-id=\"1ddier8\" data-start=\"537\" data-end=\"561\">Options d\u2019appui-t\u00eate<\/h3>\n<p data-start=\"563\" data-end=\"758\" data-is-last-node=\"\" data-is-only-node=\"\">L\u2019appui-t\u00eate <strong data-start=\"576\" data-end=\"587\">HP-FLEX<\/strong> comprend toutes les fonctionnalit\u00e9s de notre appui-t\u00eate standard, avec en plus la flexion et la traction. L\u2019appui-t\u00eate <strong data-start=\"707\" data-end=\"720\">HP-FLEX-L<\/strong> ajoute \u00e9galement la flexion lat\u00e9rale.<\/p>\n","protected":false},"excerpt":{"rendered":"<p>Version high-low la plus avanc\u00e9e de la gamme ELITE, combinant acc\u00e8s patient facilit\u00e9 et flexion automatique.<\/p>\n","protected":false},"featured_media":254,"comment_status":"open","ping_status":"closed","template":"","meta":{"_acf_changed":false},"product_brand":[30],"product_cat":[47,94,95,98,42,44,43],"product_tag":[91,89,90],"class_list":{"0":"post-588","1":"product","2":"type-product","3":"status-publish","4":"has-post-thumbnail","6":"product_brand-elite","7":"product_cat-general","8":"product_cat-table-cox-flexion-distraction-decompression-lombaire","9":"product_cat-table-drop","10":"product_cat-table-high-low-verticalisation","11":"product_cat-table-chiropracteur","12":"product_cat-table-kinesitherapeute","13":"product_cat-table-osteopathe","14":"product_tag-table-cox-flexion-distraction-decompression-lombaire","15":"product_tag-table-drop","16":"product_tag-table-high-low-verticalisation","18":"first","19":"instock","20":"taxable","21":"shipping-taxable","22":"purchasable","23":"product-type-simple"},"acf":[],"_links":{"self":[{"href":"https:\/\/tableinmotion.eu\/index.php?rest_route=\/wp\/v2\/product\/588","targetHints":{"allow":["GET"]}}],"collection":[{"href":"https:\/\/tableinmotion.eu\/index.php?rest_route=\/wp\/v2\/product"}],"about":[{"href":"https:\/\/tableinmotion.eu\/index.php?rest_route=\/wp\/v2\/types\/product"}],"replies":[{"embeddable":true,"href":"https:\/\/tableinmotion.eu\/index.php?rest_route=%2Fwp%2Fv2%2Fcomments&post=588"}],"wp:featuredmedia":[{"embeddable":true,"href":"https:\/\/tableinmotion.eu\/index.php?rest_route=\/wp\/v2\/media\/254"}],"wp:attachment":[{"href":"https:\/\/tableinmotion.eu\/index.php?rest_route=%2Fwp%2Fv2%2Fmedia&parent=588"}],"wp:term":[{"taxonomy":"product_brand","embeddable":true,"href":"https:\/\/tableinmotion.eu\/index.php?rest_route=%2Fwp%2Fv2%2Fproduct_brand&post=588"},{"taxonomy":"product_cat","embeddable":true,"href":"https:\/\/tableinmotion.eu\/index.php?rest_route=%2Fwp%2Fv2%2Fproduct_cat&post=588"},{"taxonomy":"product_tag","embeddable":true,"href":"https:\/\/tableinmotion.eu\/index.php?rest_route=%2Fwp%2Fv2%2Fproduct_tag&post=588"}],"curies":[{"name":"wp","href":"https:\/\/api.w.org\/{rel}","templated":true}]}}