{"id":589,"date":"2026-03-16T10:13:33","date_gmt":"2026-03-16T10:13:33","guid":{"rendered":"http:\/\/shmuel"},"modified":"2026-05-15T16:56:27","modified_gmt":"2026-05-15T16:56:27","slug":"table-elite-high-low-manual-flexion","status":"publish","type":"product","link":"https:\/\/tableinmotion.eu\/?product=table-elite-high-low-manual-flexion","title":{"rendered":"Table ELITE High Low Manual Flexion"},"content":{"rendered":"<h3 data-section-id=\"te946m\" data-start=\"0\" data-end=\"20\">Flexion manuelle<\/h3>\n<p data-start=\"22\" data-end=\"500\">Pour un traitement plus manuel, la flexion manuelle permet au praticien d\u2019effectuer un mouvement articulaire en <strong data-start=\"134\" data-end=\"155\">figure en 8 (ROM)<\/strong>. L\u2019amplitude de flexion lat\u00e9rale fluide est de <strong data-start=\"203\" data-end=\"216\">20 degr\u00e9s<\/strong>, avec une profondeur de flexion de <strong data-start=\"252\" data-end=\"270\">22 \u00e0 25 degr\u00e9s<\/strong>. La table peut \u00eatre verrouill\u00e9e en position fl\u00e9chie, et la poign\u00e9e de commande de flexion amovible propose <strong data-start=\"378\" data-end=\"407\">trois r\u00e9glages de hauteur<\/strong>. Le coussin pelvien de la table peut s\u2019abaisser en position fl\u00e9chie, neutre ou en extension.<\/p>\n<h3 data-section-id=\"19nhxtn\" data-start=\"502\" data-end=\"531\">Syst\u00e8me mont\u00e9e \/ descente<\/h3>\n<p data-start=\"533\" data-end=\"711\">Les patients rencontrant des difficult\u00e9s peuvent \u00eatre install\u00e9s facilement sur la table en position debout, puis abaiss\u00e9s jusqu\u2019\u00e0 la position de travail id\u00e9ale pour le praticien.<\/p>\n<h3 data-section-id=\"1chh6ou\" data-start=\"713\" data-end=\"729\">Repose-pieds<\/h3>\n<p data-start=\"731\" data-end=\"820\">Le repose-pieds se replie afin d\u2019offrir une position de travail optimale pour la flexion.<\/p>\n<h3 data-section-id=\"fwh1pm\" data-start=\"822\" data-end=\"841\">Rotation axiale<\/h3>\n<p data-start=\"843\" data-end=\"1012\">Faites pivoter et verrouillez la table dans n\u2019importe quelle position \u00e0 l\u2019aide de la poign\u00e9e de verrouillage. La rotation axiale offre jusqu\u2019\u00e0 <strong data-start=\"986\" data-end=\"999\">22 degr\u00e9s<\/strong> de rotation.<\/p>\n<h3 data-section-id=\"1ddier8\" data-start=\"1014\" data-end=\"1038\">Options d\u2019appui-t\u00eate<\/h3>\n<p data-start=\"1040\" data-end=\"1235\" data-is-last-node=\"\" data-is-only-node=\"\">L\u2019appui-t\u00eate <strong data-start=\"1053\" data-end=\"1064\">HP-FLEX<\/strong> comprend toutes les fonctionnalit\u00e9s de notre appui-t\u00eate standard, avec en plus la flexion et la traction. L\u2019appui-t\u00eate <strong data-start=\"1184\" data-end=\"1197\">HP-FLEX-L<\/strong> ajoute \u00e9galement la flexion lat\u00e9rale.<\/p>\n","protected":false},"excerpt":{"rendered":"<p>Table high-low avec manual flexion, destin\u00e9e aux cabinets qui veulent flexion-distraction et accessibilit\u00e9 patient sur une m\u00eame plateforme.<\/p>\n","protected":false},"featured_media":255,"comment_status":"open","ping_status":"closed","template":"","meta":{"_acf_changed":false},"product_brand":[30],"product_cat":[95,96,98,42,44,43],"product_tag":[89,87,90],"class_list":{"0":"post-589","1":"product","2":"type-product","3":"status-publish","4":"has-post-thumbnail","6":"product_brand-elite","7":"product_cat-table-drop","8":"product_cat-table-elevation","9":"product_cat-table-high-low-verticalisation","10":"product_cat-table-chiropracteur","11":"product_cat-table-kinesitherapeute","12":"product_cat-table-osteopathe","13":"product_tag-table-drop","14":"product_tag-table-elevation","15":"product_tag-table-high-low-verticalisation","17":"first","18":"instock","19":"taxable","20":"shipping-taxable","21":"purchasable","22":"product-type-simple"},"acf":[],"_links":{"self":[{"href":"https:\/\/tableinmotion.eu\/index.php?rest_route=\/wp\/v2\/product\/589","targetHints":{"allow":["GET"]}}],"collection":[{"href":"https:\/\/tableinmotion.eu\/index.php?rest_route=\/wp\/v2\/product"}],"about":[{"href":"https:\/\/tableinmotion.eu\/index.php?rest_route=\/wp\/v2\/types\/product"}],"replies":[{"embeddable":true,"href":"https:\/\/tableinmotion.eu\/index.php?rest_route=%2Fwp%2Fv2%2Fcomments&post=589"}],"wp:featuredmedia":[{"embeddable":true,"href":"https:\/\/tableinmotion.eu\/index.php?rest_route=\/wp\/v2\/media\/255"}],"wp:attachment":[{"href":"https:\/\/tableinmotion.eu\/index.php?rest_route=%2Fwp%2Fv2%2Fmedia&parent=589"}],"wp:term":[{"taxonomy":"product_brand","embeddable":true,"href":"https:\/\/tableinmotion.eu\/index.php?rest_route=%2Fwp%2Fv2%2Fproduct_brand&post=589"},{"taxonomy":"product_cat","embeddable":true,"href":"https:\/\/tableinmotion.eu\/index.php?rest_route=%2Fwp%2Fv2%2Fproduct_cat&post=589"},{"taxonomy":"product_tag","embeddable":true,"href":"https:\/\/tableinmotion.eu\/index.php?rest_route=%2Fwp%2Fv2%2Fproduct_tag&post=589"}],"curies":[{"name":"wp","href":"https:\/\/api.w.org\/{rel}","templated":true}]}}