{"id":590,"date":"2026-03-16T10:13:33","date_gmt":"2026-03-16T10:13:33","guid":{"rendered":"http:\/\/shmuel"},"modified":"2026-05-15T16:53:20","modified_gmt":"2026-05-15T16:53:20","slug":"table-elite-high-low-elevation","status":"publish","type":"product","link":"https:\/\/tableinmotion.eu\/?product=table-elite-high-low-elevation","title":{"rendered":"Table ELITE High Low Elevation Table"},"content":{"rendered":"<h3 data-section-id=\"10tja24\" data-start=\"0\" data-end=\"24\">\u00c9l\u00e9vation \u00e9lectrique<\/h3>\n<p data-start=\"26\" data-end=\"242\">Ajustez votre table \u00e0 la hauteur id\u00e9ale d\u2019une simple pression sur une p\u00e9dale de commande. La table dispose d\u2019une course d\u2019\u00e9l\u00e9vation de <strong data-start=\"161\" data-end=\"183\">8 pouces (20,3 cm)<\/strong> et supporte une charge allant jusqu\u2019\u00e0 <strong data-start=\"222\" data-end=\"241\">230 kg (500 lb)<\/strong>.<\/p>\n<h3 data-section-id=\"19nhxtn\" data-start=\"244\" data-end=\"273\">Syst\u00e8me mont\u00e9e \/ descente<\/h3>\n<p data-start=\"275\" data-end=\"453\">Les patients rencontrant des difficult\u00e9s peuvent \u00eatre install\u00e9s facilement sur la table en position debout, puis abaiss\u00e9s jusqu\u2019\u00e0 la position de travail id\u00e9ale pour le praticien.<\/p>\n<h3 data-section-id=\"1ax4wg3\" data-start=\"455\" data-end=\"478\">Traitement efficace<\/h3>\n<p data-start=\"480\" data-end=\"901\">L\u2019<strong data-start=\"482\" data-end=\"494\">ELITE E5<\/strong> est une table de chiropractie dot\u00e9e de fonctionnalit\u00e9s qui en font un \u00e9l\u00e9ment essentiel de votre cabinet. Prenez soin de vos patients \u00e0 la hauteur id\u00e9ale, aussi bien pour leur confort que pour vos conditions de travail. Avec les nombreuses heures pass\u00e9es en cabinet, il est essentiel de travailler \u00e0 une hauteur parfaitement adapt\u00e9e. L\u2019<strong data-start=\"831\" data-end=\"843\">ELITE E5<\/strong>r\u00e9unit tout ce dont vous avez besoin pour votre pratique.<\/p>\n","protected":false},"excerpt":{"rendered":"<p>Table high-low d\u2019\u00e9l\u00e9vation con\u00e7ue pour optimiser l\u2019installation du patient et le confort de travail du praticien.<\/p>\n","protected":false},"featured_media":939,"comment_status":"open","ping_status":"closed","template":"","meta":{"_acf_changed":false},"product_brand":[30],"product_cat":[95,96,98,42,44,46,45,43,26],"product_tag":[89,87,90],"class_list":{"0":"post-590","1":"product","2":"type-product","3":"status-publish","4":"has-post-thumbnail","6":"product_brand-elite","7":"product_cat-table-drop","8":"product_cat-table-elevation","9":"product_cat-table-high-low-verticalisation","10":"product_cat-table-chiropracteur","11":"product_cat-table-kinesitherapeute","12":"product_cat-massage","13":"product_cat-medecin","14":"product_cat-table-osteopathe","15":"product_cat-table-tatoueur","16":"product_tag-table-drop","17":"product_tag-table-elevation","18":"product_tag-table-high-low-verticalisation","20":"first","21":"instock","22":"taxable","23":"shipping-taxable","24":"purchasable","25":"product-type-simple"},"acf":[],"_links":{"self":[{"href":"https:\/\/tableinmotion.eu\/index.php?rest_route=\/wp\/v2\/product\/590","targetHints":{"allow":["GET"]}}],"collection":[{"href":"https:\/\/tableinmotion.eu\/index.php?rest_route=\/wp\/v2\/product"}],"about":[{"href":"https:\/\/tableinmotion.eu\/index.php?rest_route=\/wp\/v2\/types\/product"}],"replies":[{"embeddable":true,"href":"https:\/\/tableinmotion.eu\/index.php?rest_route=%2Fwp%2Fv2%2Fcomments&post=590"}],"wp:featuredmedia":[{"embeddable":true,"href":"https:\/\/tableinmotion.eu\/index.php?rest_route=\/wp\/v2\/media\/939"}],"wp:attachment":[{"href":"https:\/\/tableinmotion.eu\/index.php?rest_route=%2Fwp%2Fv2%2Fmedia&parent=590"}],"wp:term":[{"taxonomy":"product_brand","embeddable":true,"href":"https:\/\/tableinmotion.eu\/index.php?rest_route=%2Fwp%2Fv2%2Fproduct_brand&post=590"},{"taxonomy":"product_cat","embeddable":true,"href":"https:\/\/tableinmotion.eu\/index.php?rest_route=%2Fwp%2Fv2%2Fproduct_cat&post=590"},{"taxonomy":"product_tag","embeddable":true,"href":"https:\/\/tableinmotion.eu\/index.php?rest_route=%2Fwp%2Fv2%2Fproduct_tag&post=590"}],"curies":[{"name":"wp","href":"https:\/\/api.w.org\/{rel}","templated":true}]}}