{"id":591,"date":"2026-03-16T10:13:33","date_gmt":"2026-03-16T10:13:33","guid":{"rendered":"http:\/\/shmuel"},"modified":"2026-05-15T16:50:01","modified_gmt":"2026-05-15T16:50:01","slug":"table-elite-automatic-manual-flexion","status":"publish","type":"product","link":"https:\/\/tableinmotion.eu\/?product=table-elite-automatic-manual-flexion","title":{"rendered":"Table ELITE Automatic and Manual Flexion"},"content":{"rendered":"<h3 data-section-id=\"9bom2u\" data-start=\"0\" data-end=\"23\">Flexion automatique<\/h3>\n<p data-start=\"25\" data-end=\"229\">Proposez \u00e0 vos patients un traitement par flexion motoris\u00e9e. R\u00e9glez rapidement les diff\u00e9rents param\u00e8tres du traitement depuis l\u2019unit\u00e9 de commande, tels que la dur\u00e9e du traitement et la vitesse de flexion.<\/p>\n<h3 data-section-id=\"te946m\" data-start=\"231\" data-end=\"251\">Flexion manuelle<\/h3>\n<p data-start=\"253\" data-end=\"731\">Pour un traitement plus manuel, la flexion manuelle permet au praticien d\u2019effectuer un mouvement articulaire en <strong data-start=\"365\" data-end=\"386\">figure en 8 (ROM)<\/strong>. L\u2019amplitude de flexion lat\u00e9rale fluide est de <strong data-start=\"434\" data-end=\"447\">20 degr\u00e9s<\/strong>, avec une profondeur de flexion de <strong data-start=\"483\" data-end=\"501\">22 \u00e0 25 degr\u00e9s<\/strong>. La table peut \u00eatre verrouill\u00e9e en position fl\u00e9chie, et la poign\u00e9e de commande de flexion amovible propose <strong data-start=\"609\" data-end=\"638\">trois r\u00e9glages de hauteur<\/strong>. Le coussin pelvien de la table peut s\u2019abaisser en position fl\u00e9chie, neutre ou en extension.<\/p>\n<h3 data-section-id=\"10tja24\" data-start=\"733\" data-end=\"757\">\u00c9l\u00e9vation \u00e9lectrique<\/h3>\n<p data-start=\"759\" data-end=\"975\">Ajustez votre table \u00e0 la hauteur id\u00e9ale d\u2019une simple pression sur une p\u00e9dale de commande. La table dispose d\u2019une course d\u2019\u00e9l\u00e9vation de <strong data-start=\"894\" data-end=\"916\">8 pouces (20,3 cm)<\/strong> et supporte une charge allant jusqu\u2019\u00e0 <strong data-start=\"955\" data-end=\"974\">230 kg (500 lb)<\/strong>.<\/p>\n<h3 data-section-id=\"fwh1pm\" data-start=\"977\" data-end=\"996\">Rotation axiale<\/h3>\n<p data-start=\"998\" data-end=\"1167\">Faites pivoter et verrouillez la table dans n\u2019importe quelle position \u00e0 l\u2019aide de la poign\u00e9e de verrouillage. La rotation axiale offre jusqu\u2019\u00e0 <strong data-start=\"1141\" data-end=\"1154\">22 degr\u00e9s<\/strong> de rotation.<\/p>\n<h3 data-section-id=\"n2l7nx\" data-start=\"1169\" data-end=\"1195\">Distraction \u00e9lectrique<\/h3>\n<p data-start=\"1197\" data-end=\"1295\">Une simple pression sur une p\u00e9dale permet d\u2019obtenir jusqu\u2019\u00e0 <strong data-start=\"1257\" data-end=\"1279\">6 pouces (15,2 cm)<\/strong> de distraction.<\/p>\n<h3 data-section-id=\"1ddier8\" data-start=\"1297\" data-end=\"1321\">Options d\u2019appui-t\u00eate<\/h3>\n<p data-start=\"1323\" data-end=\"1518\" data-is-last-node=\"\" data-is-only-node=\"\">L\u2019appui-t\u00eate <strong data-start=\"1336\" data-end=\"1347\">HP-FLEX<\/strong> comprend toutes les fonctionnalit\u00e9s de notre appui-t\u00eate standard, avec en plus la flexion et la traction. L\u2019appui-t\u00eate <strong data-start=\"1467\" data-end=\"1480\">HP-FLEX-L<\/strong> ajoute \u00e9galement la flexion lat\u00e9rale.<\/p>\n","protected":false},"excerpt":{"rendered":"<p>Table combinant flexion manuelle et flexion automatique pour une plateforme de traitement tr\u00e8s compl\u00e8te.<\/p>\n","protected":false},"featured_media":257,"comment_status":"open","ping_status":"closed","template":"","meta":{"_acf_changed":false},"product_brand":[30],"product_cat":[94,95,96,42,44,43],"product_tag":[91,89,87],"class_list":{"0":"post-591","1":"product","2":"type-product","3":"status-publish","4":"has-post-thumbnail","6":"product_brand-elite","7":"product_cat-table-cox-flexion-distraction-decompression-lombaire","8":"product_cat-table-drop","9":"product_cat-table-elevation","10":"product_cat-table-chiropracteur","11":"product_cat-table-kinesitherapeute","12":"product_cat-table-osteopathe","13":"product_tag-table-cox-flexion-distraction-decompression-lombaire","14":"product_tag-table-drop","15":"product_tag-table-elevation","17":"first","18":"instock","19":"taxable","20":"shipping-taxable","21":"purchasable","22":"product-type-simple"},"acf":[],"_links":{"self":[{"href":"https:\/\/tableinmotion.eu\/index.php?rest_route=\/wp\/v2\/product\/591","targetHints":{"allow":["GET"]}}],"collection":[{"href":"https:\/\/tableinmotion.eu\/index.php?rest_route=\/wp\/v2\/product"}],"about":[{"href":"https:\/\/tableinmotion.eu\/index.php?rest_route=\/wp\/v2\/types\/product"}],"replies":[{"embeddable":true,"href":"https:\/\/tableinmotion.eu\/index.php?rest_route=%2Fwp%2Fv2%2Fcomments&post=591"}],"wp:featuredmedia":[{"embeddable":true,"href":"https:\/\/tableinmotion.eu\/index.php?rest_route=\/wp\/v2\/media\/257"}],"wp:attachment":[{"href":"https:\/\/tableinmotion.eu\/index.php?rest_route=%2Fwp%2Fv2%2Fmedia&parent=591"}],"wp:term":[{"taxonomy":"product_brand","embeddable":true,"href":"https:\/\/tableinmotion.eu\/index.php?rest_route=%2Fwp%2Fv2%2Fproduct_brand&post=591"},{"taxonomy":"product_cat","embeddable":true,"href":"https:\/\/tableinmotion.eu\/index.php?rest_route=%2Fwp%2Fv2%2Fproduct_cat&post=591"},{"taxonomy":"product_tag","embeddable":true,"href":"https:\/\/tableinmotion.eu\/index.php?rest_route=%2Fwp%2Fv2%2Fproduct_tag&post=591"}],"curies":[{"name":"wp","href":"https:\/\/api.w.org\/{rel}","templated":true}]}}