{"id":595,"date":"2026-03-16T10:13:33","date_gmt":"2026-03-16T10:13:33","guid":{"rendered":"http:\/\/shmuel"},"modified":"2026-05-15T16:30:25","modified_gmt":"2026-05-15T16:30:25","slug":"table-elite-pump-control-elevation","status":"publish","type":"product","link":"https:\/\/tableinmotion.eu\/?product=table-elite-pump-control-elevation","title":{"rendered":"Table ELITE Pump Control Elevation"},"content":{"rendered":"<h3 data-section-id=\"z33l1\" data-start=\"0\" data-end=\"23\">\u00c9l\u00e9vation par pompe<\/h3>\n<p data-start=\"25\" data-end=\"263\">La pompe permet une \u00e9l\u00e9vation fluide de <strong data-start=\"65\" data-end=\"87\">6 pouces (15,2 cm)<\/strong> gr\u00e2ce \u00e0 une simple pression sur la p\u00e9dale au pied. Pour abaisser la table, il suffit d\u2019appuyer sur la p\u00e9dale et de la maintenir enfonc\u00e9e ; la table redescend alors en douceur.<\/p>\n<h3 data-section-id=\"7umwbx\" data-start=\"265\" data-end=\"287\">\u00c9l\u00e9vation sans fil<\/h3>\n<p data-start=\"289\" data-end=\"367\">Le syst\u00e8me par pompe \u00e9limine le besoin d\u2019une prise \u00e9lectrique et de rallonges.<\/p>\n<h3 data-section-id=\"ng48zi\" data-start=\"369\" data-end=\"412\">Design, fonctionnalit\u00e9s et performances<\/h3>\n<p data-start=\"414\" data-end=\"535\" data-is-last-node=\"\" data-is-only-node=\"\">La table <strong data-start=\"423\" data-end=\"437\">ELITE Pump<\/strong> peut \u00eatre personnalis\u00e9e selon vos besoins et vous offrira de nombreuses ann\u00e9es de service fiable.<\/p>\n","protected":false},"excerpt":{"rendered":"<p>Table d\u2019\u00e9l\u00e9vation \u00e0 commande par pompe, pens\u00e9e pour les cabinets recherchant une solution simple sans motorisation \u00e9lectrique permanente.<\/p>\n","protected":false},"featured_media":263,"comment_status":"open","ping_status":"closed","template":"","meta":{"_acf_changed":false},"product_brand":[30],"product_cat":[95,96,42,44,46,45,43,26],"product_tag":[89,87],"class_list":{"0":"post-595","1":"product","2":"type-product","3":"status-publish","4":"has-post-thumbnail","6":"product_brand-elite","7":"product_cat-table-drop","8":"product_cat-table-elevation","9":"product_cat-table-chiropracteur","10":"product_cat-table-kinesitherapeute","11":"product_cat-massage","12":"product_cat-medecin","13":"product_cat-table-osteopathe","14":"product_cat-table-tatoueur","15":"product_tag-table-drop","16":"product_tag-table-elevation","18":"first","19":"instock","20":"taxable","21":"shipping-taxable","22":"purchasable","23":"product-type-simple"},"acf":[],"_links":{"self":[{"href":"https:\/\/tableinmotion.eu\/index.php?rest_route=\/wp\/v2\/product\/595","targetHints":{"allow":["GET"]}}],"collection":[{"href":"https:\/\/tableinmotion.eu\/index.php?rest_route=\/wp\/v2\/product"}],"about":[{"href":"https:\/\/tableinmotion.eu\/index.php?rest_route=\/wp\/v2\/types\/product"}],"replies":[{"embeddable":true,"href":"https:\/\/tableinmotion.eu\/index.php?rest_route=%2Fwp%2Fv2%2Fcomments&post=595"}],"wp:featuredmedia":[{"embeddable":true,"href":"https:\/\/tableinmotion.eu\/index.php?rest_route=\/wp\/v2\/media\/263"}],"wp:attachment":[{"href":"https:\/\/tableinmotion.eu\/index.php?rest_route=%2Fwp%2Fv2%2Fmedia&parent=595"}],"wp:term":[{"taxonomy":"product_brand","embeddable":true,"href":"https:\/\/tableinmotion.eu\/index.php?rest_route=%2Fwp%2Fv2%2Fproduct_brand&post=595"},{"taxonomy":"product_cat","embeddable":true,"href":"https:\/\/tableinmotion.eu\/index.php?rest_route=%2Fwp%2Fv2%2Fproduct_cat&post=595"},{"taxonomy":"product_tag","embeddable":true,"href":"https:\/\/tableinmotion.eu\/index.php?rest_route=%2Fwp%2Fv2%2Fproduct_tag&post=595"}],"curies":[{"name":"wp","href":"https:\/\/api.w.org\/{rel}","templated":true}]}}