{"id":596,"date":"2026-03-16T10:13:33","date_gmt":"2026-03-16T10:13:33","guid":{"rendered":"http:\/\/shmuel"},"modified":"2026-05-15T16:32:00","modified_gmt":"2026-05-15T16:32:00","slug":"wooden-tea-set","status":"publish","type":"product","link":"https:\/\/tableinmotion.eu\/?product=wooden-tea-set","title":{"rendered":"Table ELITE Electric Elevation"},"content":{"rendered":"<div class=\"wp-block-columns is-layout-flex wp-container-core-columns-is-layout-9d6595d7 wp-block-columns-is-layout-flex\">\n<div class=\"wp-block-column is-layout-flow wp-block-column-is-layout-flow\">\n<h3 data-section-id=\"10tja24\" data-start=\"79\" data-end=\"103\">\u00c9l\u00e9vation \u00e9lectrique<\/h3>\n<p data-start=\"105\" data-end=\"546\">L\u2019<strong data-start=\"107\" data-end=\"119\">ELITE EA<\/strong> est une table de chiropraxie dot\u00e9e de toutes les fonctionnalit\u00e9s qui en font un \u00e9quipement essentiel pour votre cabinet. Prenez soin de vos patients \u00e0 la hauteur id\u00e9ale, aussi bien pour leur confort que pour vos conditions de travail. Avec les nombreuses heures pass\u00e9es en cabinet, il est indispensable de travailler \u00e0 une hauteur parfaitement adapt\u00e9e. L\u2019<strong data-start=\"476\" data-end=\"488\">ELITE EA<\/strong> r\u00e9unit tout ce dont vous avez besoin pour votre pratique.<\/p>\n<h3 data-section-id=\"1q617dt\" data-start=\"548\" data-end=\"573\">Alimentation sans fil<\/h3>\n<p data-start=\"575\" data-end=\"1101\">Ajoutez une touche d\u2019\u00e9l\u00e9gance en supprimant la contrainte d\u2019une prise \u00e9lectrique et des rallonges gr\u00e2ce \u00e0 l\u2019option d\u2019\u00e9l\u00e9vation sur batterie. Vous n\u2019avez plus besoin de d\u00e9terminer l\u2019emplacement de votre table en fonction de la proximit\u00e9 d\u2019une prise. Notre batterie offre les m\u00eames performances que le mod\u00e8le branch\u00e9 sur secteur. Une seule charge permet une semaine compl\u00e8te d\u2019utilisation typique. Une seconde batterie est disponible en option afin de garantir une utilisation continue, sans temps d\u2019attente pendant la recharge.<\/p>\n<h3 data-section-id=\"ng48zi\" data-start=\"1103\" data-end=\"1146\">Design, fonctionnalit\u00e9s et performances<\/h3>\n<p data-start=\"1148\" data-end=\"1468\" data-is-last-node=\"\" data-is-only-node=\"\">La table <strong data-start=\"1157\" data-end=\"1169\">ELITE EA<\/strong> est depuis longtemps notre mod\u00e8le le plus vendu. Elle peut \u00eatre personnalis\u00e9e selon vos besoins et vous offrira de nombreuses ann\u00e9es de service fiable. Elle peut \u00eatre command\u00e9e avec une course d\u2019\u00e9l\u00e9vation de <strong data-start=\"1378\" data-end=\"1400\">8 pouces (20,3 cm)<\/strong>, avec la possibilit\u00e9 de passer \u00e0 <strong data-start=\"1434\" data-end=\"1457\">10 pouces (25,4 cm)<\/strong> en option.<\/p>\n<\/div>\n<\/div>\n","protected":false},"excerpt":{"rendered":"<p>Table d\u2019\u00e9l\u00e9vation motoris\u00e9e pens\u00e9e comme une base de travail ergonomique et \u00e9volutive pour cabinet de th\u00e9rapie manuel.<\/p>\n","protected":false},"featured_media":261,"comment_status":"open","ping_status":"closed","template":"","meta":{"_acf_changed":false},"product_brand":[30],"product_cat":[95,96,42,44,43],"product_tag":[89,87],"class_list":{"0":"post-596","1":"product","2":"type-product","3":"status-publish","4":"has-post-thumbnail","6":"product_brand-elite","7":"product_cat-table-drop","8":"product_cat-table-elevation","9":"product_cat-table-chiropracteur","10":"product_cat-table-kinesitherapeute","11":"product_cat-table-osteopathe","12":"product_tag-table-drop","13":"product_tag-table-elevation","15":"first","16":"instock","17":"taxable","18":"shipping-taxable","19":"purchasable","20":"product-type-simple"},"acf":[],"_links":{"self":[{"href":"https:\/\/tableinmotion.eu\/index.php?rest_route=\/wp\/v2\/product\/596","targetHints":{"allow":["GET"]}}],"collection":[{"href":"https:\/\/tableinmotion.eu\/index.php?rest_route=\/wp\/v2\/product"}],"about":[{"href":"https:\/\/tableinmotion.eu\/index.php?rest_route=\/wp\/v2\/types\/product"}],"replies":[{"embeddable":true,"href":"https:\/\/tableinmotion.eu\/index.php?rest_route=%2Fwp%2Fv2%2Fcomments&post=596"}],"wp:featuredmedia":[{"embeddable":true,"href":"https:\/\/tableinmotion.eu\/index.php?rest_route=\/wp\/v2\/media\/261"}],"wp:attachment":[{"href":"https:\/\/tableinmotion.eu\/index.php?rest_route=%2Fwp%2Fv2%2Fmedia&parent=596"}],"wp:term":[{"taxonomy":"product_brand","embeddable":true,"href":"https:\/\/tableinmotion.eu\/index.php?rest_route=%2Fwp%2Fv2%2Fproduct_brand&post=596"},{"taxonomy":"product_cat","embeddable":true,"href":"https:\/\/tableinmotion.eu\/index.php?rest_route=%2Fwp%2Fv2%2Fproduct_cat&post=596"},{"taxonomy":"product_tag","embeddable":true,"href":"https:\/\/tableinmotion.eu\/index.php?rest_route=%2Fwp%2Fv2%2Fproduct_tag&post=596"}],"curies":[{"name":"wp","href":"https:\/\/api.w.org\/{rel}","templated":true}]}}